{"id":5835,"date":"2026-04-10T00:18:22","date_gmt":"2026-04-09T21:18:22","guid":{"rendered":"https:\/\/www.citycars.gr\/informacje-o-kliencie\/"},"modified":"2026-04-14T16:37:36","modified_gmt":"2026-04-14T13:37:36","slug":"informacje-o-kliencie","status":"publish","type":"page","link":"https:\/\/www.citycars.gr\/pl\/informacje-o-kliencie\/","title":{"rendered":"Informacje o kliencie"},"content":{"rendered":"\t\t<div data-elementor-type=\"wp-page\" data-elementor-id=\"5835\" class=\"elementor elementor-5835 elementor-4973\" data-elementor-post-type=\"page\">\n\t\t\t\t<div class=\"elementor-element elementor-element-6bf7df8 e-grid e-con-full e-con e-parent\" data-id=\"6bf7df8\" data-element_type=\"container\" data-e-type=\"container\">\n\t\t<div class=\"elementor-element elementor-element-2f4e6f9 e-flex e-con-boxed e-con e-child\" data-id=\"2f4e6f9\" data-element_type=\"container\" data-e-type=\"container\">\n\t\t\t\t\t<div class=\"e-con-inner\">\n\t\t\t\t<div class=\"elementor-element elementor-element-d63b1f1 elementor-widget elementor-widget-heading\" data-id=\"d63b1f1\" data-element_type=\"widget\" data-e-type=\"widget\" data-widget_type=\"heading.default\">\n\t\t\t\t<div class=\"elementor-widget-container\">\n\t\t\t\t\t<h1 class=\"elementor-heading-title elementor-size-default\">Informacje dla klient\u00f3w za po\u015brednictwem wideo<\/h1>\t\t\t\t<\/div>\n\t\t\t\t<\/div>\n\t\t\t\t\t<\/div>\n\t\t\t\t<\/div>\n\t\t\t\t<div class=\"elementor-element elementor-element-a48715e elementor-widget elementor-widget-video\" data-id=\"a48715e\" data-element_type=\"widget\" data-e-type=\"widget\" data-settings=\"{&quot;youtube_url&quot;:&quot;https:\\\/\\\/www.youtube.com\\\/shorts\\\/S9-kD8QL6WI&quot;,&quot;video_type&quot;:&quot;youtube&quot;,&quot;controls&quot;:&quot;yes&quot;}\" data-widget_type=\"video.default\">\n\t\t\t\t<div class=\"elementor-widget-container\">\n\t\t\t\t\t\t\t<div class=\"elementor-wrapper elementor-open-inline\">\n\t\t\t<div class=\"elementor-video\"><\/div>\t\t<\/div>\n\t\t\t\t\t\t<\/div>\n\t\t\t\t<\/div>\n\t\t\t\t<div class=\"elementor-element elementor-element-3edfa4a elementor-widget elementor-widget-text-editor\" data-id=\"3edfa4a\" data-element_type=\"widget\" data-e-type=\"widget\" data-widget_type=\"text-editor.default\">\n\t\t\t\t<div class=\"elementor-widget-container\">\n\t\t\t\t\t\t\t\t\t<p><strong>\u0397 <a href=\"https:\/\/citycars.gocars.gr\/\"><span style=\"text-decoration: underline;\"><em>City Car Rental<\/em><\/span> <\/a>rozpocz\u0119\u0142a dzia\u0142alno\u015b\u0107 w 2013 roku z pasj\u0105 do us\u0142ug. Sprawd\u017a nasz\u0105 histori\u0119 i poznaj zesp\u00f3\u0142, kt\u00f3ry powita Ci\u0119 w Salonikach. <\/strong><\/p>\t\t\t\t\t\t\t\t<\/div>\n\t\t\t\t<\/div>\n\t\t\t\t<\/div>\n\t\t<div class=\"elementor-element elementor-element-9eb50c7 e-grid e-con-full e-con e-parent\" data-id=\"9eb50c7\" data-element_type=\"container\" data-e-type=\"container\">\n\t\t\t\t<div class=\"elementor-element elementor-element-1eba797 elementor-widget elementor-widget-video\" data-id=\"1eba797\" data-element_type=\"widget\" data-e-type=\"widget\" data-settings=\"{&quot;youtube_url&quot;:&quot;https:\\\/\\\/www.youtube.com\\\/shorts\\\/Lm9LDesCrnA&quot;,&quot;video_type&quot;:&quot;youtube&quot;,&quot;controls&quot;:&quot;yes&quot;}\" data-widget_type=\"video.default\">\n\t\t\t\t<div class=\"elementor-widget-container\">\n\t\t\t\t\t\t\t<div class=\"elementor-wrapper elementor-open-inline\">\n\t\t\t<div class=\"elementor-video\"><\/div>\t\t<\/div>\n\t\t\t\t\t\t<\/div>\n\t\t\t\t<\/div>\n\t\t\t\t<div class=\"elementor-element elementor-element-ac51d62 elementor-widget elementor-widget-text-editor\" data-id=\"ac51d62\" data-element_type=\"widget\" data-e-type=\"widget\" data-widget_type=\"text-editor.default\">\n\t\t\t\t<div class=\"elementor-widget-container\">\n\t\t\t\t\t\t\t\t\t<p><strong>CO OZNACZA &#8222;PE\u0141NE UBEZPIECZENIE&#8221; W WYPO\u017bYCZALNI SAMOCHOD\u00d3W?<\/strong><\/p>\t\t\t\t\t\t\t\t<\/div>\n\t\t\t\t<\/div>\n\t\t\t\t<\/div>\n\t\t<div class=\"elementor-element elementor-element-f72880b e-grid e-con-boxed e-con e-parent\" data-id=\"f72880b\" data-element_type=\"container\" data-e-type=\"container\">\n\t\t\t\t\t<div class=\"e-con-inner\">\n\t\t\t\t<div class=\"elementor-element elementor-element-48d7db2 elementor-widget elementor-widget-video\" data-id=\"48d7db2\" data-element_type=\"widget\" data-e-type=\"widget\" data-settings=\"{&quot;youtube_url&quot;:&quot;https:\\\/\\\/www.youtube.com\\\/shorts\\\/0_Jy8LRFf7E&quot;,&quot;video_type&quot;:&quot;youtube&quot;,&quot;controls&quot;:&quot;yes&quot;}\" data-widget_type=\"video.default\">\n\t\t\t\t<div class=\"elementor-widget-container\">\n\t\t\t\t\t\t\t<div class=\"elementor-wrapper elementor-open-inline\">\n\t\t\t<div class=\"elementor-video\"><\/div>\t\t<\/div>\n\t\t\t\t\t\t<\/div>\n\t\t\t\t<\/div>\n\t\t\t\t<div class=\"elementor-element elementor-element-e19365b elementor-widget elementor-widget-text-editor\" data-id=\"e19365b\" data-element_type=\"widget\" data-e-type=\"widget\" data-widget_type=\"text-editor.default\">\n\t\t\t\t<div class=\"elementor-widget-container\">\n\t\t\t\t\t\t\t\t\t<p><strong><span style=\"color: #0f0f0f; font-family: Roboto, Arial, sans-serif; font-size: 14px; text-align: start;\">CZY ZNALAZ\u0141E\u015a &#8222;TANI&#8221; SAMOCH\u00d3D DO WYNAJ\u0118CIA?<\/span><\/strong><\/p>\t\t\t\t\t\t\t\t<\/div>\n\t\t\t\t<\/div>\n\t\t\t\t\t<\/div>\n\t\t\t\t<\/div>\n\t\t<div class=\"elementor-element elementor-element-89f0199 e-grid e-con-boxed e-con e-parent\" data-id=\"89f0199\" data-element_type=\"container\" data-e-type=\"container\">\n\t\t\t\t\t<div class=\"e-con-inner\">\n\t\t\t\t<div class=\"elementor-element elementor-element-41b8c59 elementor-widget elementor-widget-video\" data-id=\"41b8c59\" data-element_type=\"widget\" data-e-type=\"widget\" data-settings=\"{&quot;youtube_url&quot;:&quot;https:\\\/\\\/www.youtube.com\\\/shorts\\\/lJjxwISviKI&quot;,&quot;video_type&quot;:&quot;youtube&quot;,&quot;controls&quot;:&quot;yes&quot;}\" data-widget_type=\"video.default\">\n\t\t\t\t<div class=\"elementor-widget-container\">\n\t\t\t\t\t\t\t<div class=\"elementor-wrapper elementor-open-inline\">\n\t\t\t<div class=\"elementor-video\"><\/div>\t\t<\/div>\n\t\t\t\t\t\t<\/div>\n\t\t\t\t<\/div>\n\t\t\t\t<div class=\"elementor-element elementor-element-3514bf0 elementor-widget elementor-widget-text-editor\" data-id=\"3514bf0\" data-element_type=\"widget\" data-e-type=\"widget\" data-widget_type=\"text-editor.default\">\n\t\t\t\t<div class=\"elementor-widget-container\">\n\t\t\t\t\t\t\t\t\t<p><strong>NA CO UWA\u017bA\u0106 PRZED WYPO\u017bYCZENIEM SAMOCHODU?<\/strong><\/p>\t\t\t\t\t\t\t\t<\/div>\n\t\t\t\t<\/div>\n\t\t\t\t\t<\/div>\n\t\t\t\t<\/div>\n\t\t<div class=\"elementor-element elementor-element-b3b71b5 e-flex e-con-boxed e-con e-parent\" data-id=\"b3b71b5\" data-element_type=\"container\" data-e-type=\"container\">\n\t\t\t\t\t<div class=\"e-con-inner\">\n\t\t\t\t<div class=\"elementor-element elementor-element-e22898a elementor-widget elementor-widget-html\" data-id=\"e22898a\" data-element_type=\"widget\" data-e-type=\"widget\" data-widget_type=\"html.default\">\n\t\t\t\t<div class=\"elementor-widget-container\">\n\t\t\t\t\t<script type=\"application\/ld+json\">{\n  \"@context\": \"https:\/\/schema.org\",\n  \"@type\": \"VideoObject\",\n  \"name\": \"\u0397 \u0399\u03c3\u03c4\u03bf\u03c1\u03af\u03b1 \u03c4\u03b7\u03c2 City Car Rental Thessaloniki\",\n  \"description\": \"\u0393\u03bd\u03c9\u03c1\u03af\u03c3\u03c4\u03b5 \u03c4\u03b7\u03bd \u03b9\u03c3\u03c4\u03bf\u03c1\u03af\u03b1 \u03bc\u03b1\u03c2 \u03ba\u03b1\u03b9 \u03c4\u03b7\u03bd \u03b5\u03bc\u03c0\u03b5\u03b9\u03c1\u03af\u03b1 \u03b5\u03bd\u03bf\u03b9\u03ba\u03af\u03b1\u03c3\u03b7\u03c2 \u03b1\u03c5\u03c4\u03bf\u03ba\u03b9\u03bd\u03ae\u03c4\u03bf\u03c5 \u03c3\u03c4\u03b7 \u0398\u03b5\u03c3\u03c3\u03b1\u03bb\u03bf\u03bd\u03af\u03ba\u03b7 \u03b1\u03c0\u03cc \u03c4\u03bf 2005.\",\n  \"thumbnailUrl\": \"https:\/\/img.youtube.com\/vi\/S9-kD8QL6WI\/maxresdefault.jpg\",\n  \"uploadDate\": \"2025-12-12\",\n  \"contentUrl\": \"https:\/\/www.youtube.com\/watch?v=S9-kD8QL6WI\",\n  \"embedUrl\": \"https:\/\/www.youtube.com\/embed\/S9-kD8QL6WI\",\n  \"publisher\": {\n    \"@type\": \"Organization\",\n    \"name\": \"City Car Rental\",\n    \"logo\": {\n      \"@type\": \"ImageObject\",\n      \"url\": \"https:\/\/www.citycars.gr\/wp-content\/uploads\/2023\/04\/logo-city-car-rental.png\"\n    }\n  }\n}\n<\/script>\t\t\t\t<\/div>\n\t\t\t\t<\/div>\n\t\t\t\t\t<\/div>\n\t\t\t\t<\/div>\n\t\t\t\t<\/div>\n\t\t","protected":false},"excerpt":{"rendered":"<p>Informacje dla klient\u00f3w za po\u015brednictwem wideo https:\/\/www.youtube.com\/shorts\/S9-kD8QL6WI \u0397 City Car Rental rozpocz\u0119\u0142a dzia\u0142alno\u015b\u0107 w 2013 roku z pasj\u0105 do us\u0142ug. Sprawd\u017a nasz\u0105 histori\u0119 i poznaj zesp\u00f3\u0142, kt\u00f3ry powita Ci\u0119 w Salonikach. https:\/\/www.youtube.com\/shorts\/Lm9LDesCrnA CO OZNACZA &#8222;PE\u0141NE UBEZPIECZENIE&#8221; W WYPO\u017bYCZALNI SAMOCHOD\u00d3W? https:\/\/www.youtube.com\/shorts\/0_Jy8LRFf7E CZY ZNALAZ\u0141E\u015a &#8222;TANI&#8221; SAMOCH\u00d3D DO WYNAJ\u0118CIA? https:\/\/www.youtube.com\/shorts\/lJjxwISviKI NA CO UWA\u017bA\u0106 PRZED WYPO\u017bYCZENIEM SAMOCHODU?<\/p>\n","protected":false},"author":4,"featured_media":0,"parent":0,"menu_order":0,"comment_status":"closed","ping_status":"closed","template":"","meta":{"footnotes":""},"class_list":["post-5835","page","type-page","status-publish","hentry"],"yoast_head":"<!-- This site is optimized with the Yoast SEO Premium plugin v27.4 (Yoast SEO v27.4) - https:\/\/yoast.com\/product\/yoast-seo-premium-wordpress\/ -->\n<title>Informacje o kliencie | City Car Rental Thessaloniki<\/title>\n<meta name=\"description\" content=\"Informacje dla klient\u00f3w za po\u015brednictwem wideo    https:\/\/www.youtube.com\/shorts\/S9-kD8QL6WI\u0397 City Car Rental rozpocz\u0119\u0142a dzia\u0142alno\u015b\u0107 w 2013 roku z pasj\u0105 do us\u0142ug. Sprawd\u017a nasz\u0105 histori\u0119 i poznaj zesp\u00f3\u0142, kt\u00f3ry powita Ci\u0119 w Salonikach. https:\/\/www.youtube.com\/shorts\/Lm9LDesCrnACO OZNACZA &quot;PE\u0141NE UBEZPIECZENIE&quot; W WYPO\u017bYCZALNI SAMOCHOD\u00d3W?https:\/\/www.youtube.com\/shorts\/0_Jy8LRFf7ECZY ZNALAZ\u0141E\u015a &quot;TANI&quot; SAMOCH\u00d3D DO WYNAJ\u0118CIA?https:\/\/www.youtube.com\/shorts\/lJjxwISviKINA CO UWA\u017bA\u0106 PRZED WYPO\u017bYCZENIEM SAMOCHODU?\" \/>\n<meta name=\"robots\" content=\"index, follow, max-snippet:-1, max-image-preview:large, max-video-preview:-1\" \/>\n<link rel=\"canonical\" href=\"https:\/\/www.citycars.gr\/pl\/informacje-o-kliencie\/\" \/>\n<meta property=\"og:locale\" content=\"pl_PL\" \/>\n<meta property=\"og:type\" content=\"article\" \/>\n<meta property=\"og:title\" content=\"City Car Rental Thessaloniki Greece\" \/>\n<meta property=\"og:description\" content=\"Informacje dla klient\u00f3w za po\u015brednictwem wideo    https:\/\/www.youtube.com\/shorts\/S9-kD8QL6WI\u0397 City Car Rental rozpocz\u0119\u0142a dzia\u0142alno\u015b\u0107 w 2013 roku z pasj\u0105 do us\u0142ug. Sprawd\u017a nasz\u0105 histori\u0119 i poznaj zesp\u00f3\u0142, kt\u00f3ry powita Ci\u0119 w Salonikach. https:\/\/www.youtube.com\/shorts\/Lm9LDesCrnACO OZNACZA &quot;PE\u0141NE UBEZPIECZENIE&quot; W WYPO\u017bYCZALNI SAMOCHOD\u00d3W?https:\/\/www.youtube.com\/shorts\/0_Jy8LRFf7ECZY ZNALAZ\u0141E\u015a &quot;TANI&quot; SAMOCH\u00d3D DO WYNAJ\u0118CIA?https:\/\/www.youtube.com\/shorts\/lJjxwISviKINA CO UWA\u017bA\u0106 PRZED WYPO\u017bYCZENIEM SAMOCHODU?\" \/>\n<meta property=\"og:url\" content=\"https:\/\/www.citycars.gr\/pl\/informacje-o-kliencie\/\" \/>\n<meta property=\"og:site_name\" content=\"City Car Rental\" \/>\n<meta property=\"article:publisher\" content=\"https:\/\/www.facebook.com\/CityCarRentalThessaloniki\" \/>\n<meta property=\"article:modified_time\" content=\"2026-04-14T13:37:36+00:00\" \/>\n<meta property=\"og:image\" content=\"https:\/\/www.citycars.gr\/wp-content\/uploads\/2021\/03\/logo-landscape.png\" \/>\n\t<meta property=\"og:image:width\" content=\"640\" \/>\n\t<meta property=\"og:image:height\" content=\"303\" \/>\n\t<meta property=\"og:image:type\" content=\"image\/png\" \/>\n<meta name=\"twitter:card\" content=\"summary_large_image\" \/>\n<meta name=\"twitter:site\" content=\"@CityCarSalonika\" \/>\n<script type=\"application\/ld+json\" class=\"yoast-schema-graph\">{\"@context\":\"https:\\\/\\\/schema.org\",\"@graph\":[{\"@type\":\"WebPage\",\"@id\":\"https:\\\/\\\/www.citycars.gr\\\/pl\\\/informacje-o-kliencie\\\/\",\"url\":\"https:\\\/\\\/www.citycars.gr\\\/pl\\\/informacje-o-kliencie\\\/\",\"name\":\"Informacje o kliencie | City Car Rental Thessaloniki\",\"isPartOf\":{\"@id\":\"https:\\\/\\\/citycars.globaltouchdev.eu\\\/#website\"},\"datePublished\":\"2026-04-09T21:18:22+00:00\",\"dateModified\":\"2026-04-14T13:37:36+00:00\",\"description\":\"Informacje dla klient\u00f3w za po\u015brednictwem wideo https:\\\/\\\/www.youtube.com\\\/shorts\\\/S9-kD8QL6WI\u0397 City Car Rental rozpocz\u0119\u0142a dzia\u0142alno\u015b\u0107 w 2013 roku z pasj\u0105 do us\u0142ug. Sprawd\u017a nasz\u0105 histori\u0119 i poznaj zesp\u00f3\u0142, kt\u00f3ry powita Ci\u0119 w Salonikach. https:\\\/\\\/www.youtube.com\\\/shorts\\\/Lm9LDesCrnACO OZNACZA \\\"PE\u0141NE UBEZPIECZENIE\\\" W WYPO\u017bYCZALNI SAMOCHOD\u00d3W?https:\\\/\\\/www.youtube.com\\\/shorts\\\/0_Jy8LRFf7ECZY ZNALAZ\u0141E\u015a \\\"TANI\\\" SAMOCH\u00d3D DO WYNAJ\u0118CIA?https:\\\/\\\/www.youtube.com\\\/shorts\\\/lJjxwISviKINA CO UWA\u017bA\u0106 PRZED WYPO\u017bYCZENIEM SAMOCHODU?\",\"breadcrumb\":{\"@id\":\"https:\\\/\\\/www.citycars.gr\\\/pl\\\/informacje-o-kliencie\\\/#breadcrumb\"},\"inLanguage\":\"pl-PL\",\"potentialAction\":[{\"@type\":\"ReadAction\",\"target\":[\"https:\\\/\\\/www.citycars.gr\\\/pl\\\/informacje-o-kliencie\\\/\"]}]},{\"@type\":\"BreadcrumbList\",\"@id\":\"https:\\\/\\\/www.citycars.gr\\\/pl\\\/informacje-o-kliencie\\\/#breadcrumb\",\"itemListElement\":[{\"@type\":\"ListItem\",\"position\":1,\"name\":\"Original\",\"item\":\"https:\\\/\\\/www.citycars.gr\\\/pl\\\/oth-wypozyczalnia-samochodow-saloniki-wypozyczalnia-samochodow-w-miescie\\\/\"},{\"@type\":\"ListItem\",\"position\":2,\"name\":\"Informacje o kliencie\"}]},{\"@type\":\"WebSite\",\"@id\":\"https:\\\/\\\/citycars.globaltouchdev.eu\\\/#website\",\"url\":\"https:\\\/\\\/citycars.globaltouchdev.eu\\\/\",\"name\":\"\u0395\u03bd\u03bf\u03b9\u03ba\u03b9\u03ac\u03c3\u03b5\u03b9\u03c2 \u0391\u03c5\u03c4\u03bf\u03ba\u03b9\u03bd\u03ae\u03c4\u03c9\u03bd \u0398\u03b5\u03c3\u03c3\u03b1\u03bb\u03bf\u03bd\u03af\u03ba\u03b7 | Rent a Car Thessaloniki | City Car Rental\",\"description\":\"Rent a Car Airport Thessaloniki Greece\",\"publisher\":{\"@id\":\"https:\\\/\\\/citycars.globaltouchdev.eu\\\/#organization\"},\"alternateName\":\"Auto Mieten Thessaloniki Flughafen\",\"potentialAction\":[{\"@type\":\"SearchAction\",\"target\":{\"@type\":\"EntryPoint\",\"urlTemplate\":\"https:\\\/\\\/citycars.globaltouchdev.eu\\\/?s={search_term_string}\"},\"query-input\":{\"@type\":\"PropertyValueSpecification\",\"valueRequired\":true,\"valueName\":\"search_term_string\"}}],\"inLanguage\":\"pl-PL\"},{\"@type\":[\"Organization\",\"Place\",\"AutoRental\"],\"@id\":\"https:\\\/\\\/citycars.globaltouchdev.eu\\\/#organization\",\"name\":\"City Car Rental Thessaloniki | Car Rental Services\",\"alternateName\":\"Car Rental Airport Thessaloniki Greece | City Car Rental\",\"url\":\"https:\\\/\\\/citycars.globaltouchdev.eu\\\/\",\"logo\":{\"@id\":\"https:\\\/\\\/www.citycars.gr\\\/pl\\\/informacje-o-kliencie\\\/#local-main-organization-logo\"},\"image\":{\"@id\":\"https:\\\/\\\/www.citycars.gr\\\/pl\\\/informacje-o-kliencie\\\/#local-main-organization-logo\"},\"sameAs\":[\"https:\\\/\\\/www.facebook.com\\\/CityCarRentalThessaloniki\",\"https:\\\/\\\/x.com\\\/CityCarSalonika\",\"https:\\\/\\\/mastodon.social\\\/@Citycars\",\"https:\\\/\\\/www.instagram.com\\\/city_car_rental_thess\\\/\",\"https:\\\/\\\/www.youtube.com\\\/watch?v=Duixnt_tgZ8&ab_channel=AlexandrosTsapournias\",\"https:\\\/\\\/www.tripadvisor.com\\\/Attraction_Review-g189473-d23048607-Reviews-City_Car_Rental-Thessaloniki_Thessaloniki_Region_Central_Macedonia.html\",\"https:\\\/\\\/www.tiktok.com\\\/@citycarrentalthess\"],\"description\":\"Car Rental Company in Thessaloniki Greece\",\"foundingDate\":\"2013-11-13\",\"numberOfEmployees\":{\"@type\":\"QuantitativeValue\",\"minValue\":\"1\",\"maxValue\":\"10\"},\"ownershipFundingInfo\":\"https:\\\/\\\/www.citycars.gr\\\/official-profile\\\/\",\"correctionsPolicy\":\"https:\\\/\\\/www.citycars.gr\\\/%cf%8c%cf%81%ce%bf%ce%b9-%ce%ba%ce%b1%ce%b9-%cf%80%cf%81%ce%bf%cf%8b%cf%80%ce%bf%ce%b8%ce%ad%cf%83%ce%b5%ce%b9%cf%82\\\/\",\"ethicsPolicy\":\"https:\\\/\\\/www.citycars.gr\\\/%cf%80%ce%bf%ce%bb%ce%b9%cf%84%ce%b9%ce%ba%ce%ae-%ce%b1%cf%80%ce%bf%cf%81%cf%81%ce%ae%cf%84%ce%bf%cf%85\\\/\",\"address\":{\"@id\":\"https:\\\/\\\/www.citycars.gr\\\/pl\\\/informacje-o-kliencie\\\/#local-main-place-address\"},\"geo\":{\"@type\":\"GeoCoordinates\",\"latitude\":\"40.622507912187565\",\"longitude\":\"22.962557982461128\"},\"telephone\":[\"+302310202029\",\"+306939818182\"],\"contactPoint\":{\"@type\":\"ContactPoint\",\"telephone\":\"+302310202029\",\"email\":\"info@citycars.gr\"},\"openingHoursSpecification\":{\"@type\":\"OpeningHoursSpecification\",\"dayOfWeek\":[\"Monday\",\"Tuesday\",\"Wednesday\",\"Thursday\",\"Friday\",\"Saturday\",\"Sunday\"],\"opens\":\"00:00\",\"closes\":\"23:59\"},\"email\":\"rentacar@citycars.gr\",\"vatID\":\"EL801704863\",\"priceRange\":\"$$\"},{\"@type\":\"PostalAddress\",\"@id\":\"https:\\\/\\\/www.citycars.gr\\\/pl\\\/informacje-o-kliencie\\\/#local-main-place-address\",\"streetAddress\":\"\u0394\u03bf\u03b9\u03c1\u03b1\u03bd\u03b7\u03c2 38\",\"addressLocality\":\"\u0398\u03b5\u03c3\u03c3\u03b1\u03bb\u03bf\u03bd\u03b9\u03ba\u03b7\",\"postalCode\":\"54638\",\"addressRegion\":\"\u0398\u03b5\u03c3\u03c3\u03b1\u03bb\u03bf\u03bd\u03b9\u03ba\u03b7\u03c2\",\"addressCountry\":\"GR\"},{\"@type\":\"ImageObject\",\"inLanguage\":\"pl-PL\",\"@id\":\"https:\\\/\\\/www.citycars.gr\\\/pl\\\/informacje-o-kliencie\\\/#local-main-organization-logo\",\"url\":\"https:\\\/\\\/www.citycars.gr\\\/wp-content\\\/uploads\\\/2024\\\/03\\\/symbol.png\",\"contentUrl\":\"https:\\\/\\\/www.citycars.gr\\\/wp-content\\\/uploads\\\/2024\\\/03\\\/symbol.png\",\"width\":1200,\"height\":1200,\"caption\":\"City Car Rental Thessaloniki | Car Rental Services\"}]}<\/script>\n<meta name=\"geo.placename\" content=\"\u0398\u03b5\u03c3\u03c3\u03b1\u03bb\u03bf\u03bd\u03b9\u03ba\u03b7\" \/>\n<meta name=\"geo.position\" content=\"40.622507912187565;22.962557982461128\" \/>\n<meta name=\"geo.region\" content=\"Grecja\" \/>\n<!-- \/ Yoast SEO Premium plugin. -->","yoast_head_json":{"title":"Informacje o kliencie | City Car Rental Thessaloniki","description":"Informacje dla klient\u00f3w za po\u015brednictwem wideo    https:\/\/www.youtube.com\/shorts\/S9-kD8QL6WI\u0397 City Car Rental rozpocz\u0119\u0142a dzia\u0142alno\u015b\u0107 w 2013 roku z pasj\u0105 do us\u0142ug. Sprawd\u017a nasz\u0105 histori\u0119 i poznaj zesp\u00f3\u0142, kt\u00f3ry powita Ci\u0119 w Salonikach. https:\/\/www.youtube.com\/shorts\/Lm9LDesCrnACO OZNACZA \"PE\u0141NE UBEZPIECZENIE\" W WYPO\u017bYCZALNI SAMOCHOD\u00d3W?https:\/\/www.youtube.com\/shorts\/0_Jy8LRFf7ECZY ZNALAZ\u0141E\u015a \"TANI\" SAMOCH\u00d3D DO WYNAJ\u0118CIA?https:\/\/www.youtube.com\/shorts\/lJjxwISviKINA CO UWA\u017bA\u0106 PRZED WYPO\u017bYCZENIEM SAMOCHODU?","robots":{"index":"index","follow":"follow","max-snippet":"max-snippet:-1","max-image-preview":"max-image-preview:large","max-video-preview":"max-video-preview:-1"},"canonical":"https:\/\/www.citycars.gr\/pl\/informacje-o-kliencie\/","og_locale":"pl_PL","og_type":"article","og_title":"City Car Rental Thessaloniki Greece","og_description":"Informacje dla klient\u00f3w za po\u015brednictwem wideo    https:\/\/www.youtube.com\/shorts\/S9-kD8QL6WI\u0397 City Car Rental rozpocz\u0119\u0142a dzia\u0142alno\u015b\u0107 w 2013 roku z pasj\u0105 do us\u0142ug. Sprawd\u017a nasz\u0105 histori\u0119 i poznaj zesp\u00f3\u0142, kt\u00f3ry powita Ci\u0119 w Salonikach. https:\/\/www.youtube.com\/shorts\/Lm9LDesCrnACO OZNACZA \"PE\u0141NE UBEZPIECZENIE\" W WYPO\u017bYCZALNI SAMOCHOD\u00d3W?https:\/\/www.youtube.com\/shorts\/0_Jy8LRFf7ECZY ZNALAZ\u0141E\u015a \"TANI\" SAMOCH\u00d3D DO WYNAJ\u0118CIA?https:\/\/www.youtube.com\/shorts\/lJjxwISviKINA CO UWA\u017bA\u0106 PRZED WYPO\u017bYCZENIEM SAMOCHODU?","og_url":"https:\/\/www.citycars.gr\/pl\/informacje-o-kliencie\/","og_site_name":"City Car Rental","article_publisher":"https:\/\/www.facebook.com\/CityCarRentalThessaloniki","article_modified_time":"2026-04-14T13:37:36+00:00","og_image":[{"width":640,"height":303,"url":"https:\/\/www.citycars.gr\/wp-content\/uploads\/2021\/03\/logo-landscape.png","type":"image\/png"}],"twitter_card":"summary_large_image","twitter_site":"@CityCarSalonika","schema":{"@context":"https:\/\/schema.org","@graph":[{"@type":"WebPage","@id":"https:\/\/www.citycars.gr\/pl\/informacje-o-kliencie\/","url":"https:\/\/www.citycars.gr\/pl\/informacje-o-kliencie\/","name":"Informacje o kliencie | City Car Rental Thessaloniki","isPartOf":{"@id":"https:\/\/citycars.globaltouchdev.eu\/#website"},"datePublished":"2026-04-09T21:18:22+00:00","dateModified":"2026-04-14T13:37:36+00:00","description":"Informacje dla klient\u00f3w za po\u015brednictwem wideo https:\/\/www.youtube.com\/shorts\/S9-kD8QL6WI\u0397 City Car Rental rozpocz\u0119\u0142a dzia\u0142alno\u015b\u0107 w 2013 roku z pasj\u0105 do us\u0142ug. Sprawd\u017a nasz\u0105 histori\u0119 i poznaj zesp\u00f3\u0142, kt\u00f3ry powita Ci\u0119 w Salonikach. https:\/\/www.youtube.com\/shorts\/Lm9LDesCrnACO OZNACZA \"PE\u0141NE UBEZPIECZENIE\" W WYPO\u017bYCZALNI SAMOCHOD\u00d3W?https:\/\/www.youtube.com\/shorts\/0_Jy8LRFf7ECZY ZNALAZ\u0141E\u015a \"TANI\" SAMOCH\u00d3D DO WYNAJ\u0118CIA?https:\/\/www.youtube.com\/shorts\/lJjxwISviKINA CO UWA\u017bA\u0106 PRZED WYPO\u017bYCZENIEM SAMOCHODU?","breadcrumb":{"@id":"https:\/\/www.citycars.gr\/pl\/informacje-o-kliencie\/#breadcrumb"},"inLanguage":"pl-PL","potentialAction":[{"@type":"ReadAction","target":["https:\/\/www.citycars.gr\/pl\/informacje-o-kliencie\/"]}]},{"@type":"BreadcrumbList","@id":"https:\/\/www.citycars.gr\/pl\/informacje-o-kliencie\/#breadcrumb","itemListElement":[{"@type":"ListItem","position":1,"name":"Original","item":"https:\/\/www.citycars.gr\/pl\/oth-wypozyczalnia-samochodow-saloniki-wypozyczalnia-samochodow-w-miescie\/"},{"@type":"ListItem","position":2,"name":"Informacje o kliencie"}]},{"@type":"WebSite","@id":"https:\/\/citycars.globaltouchdev.eu\/#website","url":"https:\/\/citycars.globaltouchdev.eu\/","name":"\u0395\u03bd\u03bf\u03b9\u03ba\u03b9\u03ac\u03c3\u03b5\u03b9\u03c2 \u0391\u03c5\u03c4\u03bf\u03ba\u03b9\u03bd\u03ae\u03c4\u03c9\u03bd \u0398\u03b5\u03c3\u03c3\u03b1\u03bb\u03bf\u03bd\u03af\u03ba\u03b7 | Rent a Car Thessaloniki | City Car Rental","description":"Rent a Car Airport Thessaloniki Greece","publisher":{"@id":"https:\/\/citycars.globaltouchdev.eu\/#organization"},"alternateName":"Auto Mieten Thessaloniki Flughafen","potentialAction":[{"@type":"SearchAction","target":{"@type":"EntryPoint","urlTemplate":"https:\/\/citycars.globaltouchdev.eu\/?s={search_term_string}"},"query-input":{"@type":"PropertyValueSpecification","valueRequired":true,"valueName":"search_term_string"}}],"inLanguage":"pl-PL"},{"@type":["Organization","Place","AutoRental"],"@id":"https:\/\/citycars.globaltouchdev.eu\/#organization","name":"City Car Rental Thessaloniki | Car Rental Services","alternateName":"Car Rental Airport Thessaloniki Greece | City Car Rental","url":"https:\/\/citycars.globaltouchdev.eu\/","logo":{"@id":"https:\/\/www.citycars.gr\/pl\/informacje-o-kliencie\/#local-main-organization-logo"},"image":{"@id":"https:\/\/www.citycars.gr\/pl\/informacje-o-kliencie\/#local-main-organization-logo"},"sameAs":["https:\/\/www.facebook.com\/CityCarRentalThessaloniki","https:\/\/x.com\/CityCarSalonika","https:\/\/mastodon.social\/@Citycars","https:\/\/www.instagram.com\/city_car_rental_thess\/","https:\/\/www.youtube.com\/watch?v=Duixnt_tgZ8&ab_channel=AlexandrosTsapournias","https:\/\/www.tripadvisor.com\/Attraction_Review-g189473-d23048607-Reviews-City_Car_Rental-Thessaloniki_Thessaloniki_Region_Central_Macedonia.html","https:\/\/www.tiktok.com\/@citycarrentalthess"],"description":"Car Rental Company in Thessaloniki Greece","foundingDate":"2013-11-13","numberOfEmployees":{"@type":"QuantitativeValue","minValue":"1","maxValue":"10"},"ownershipFundingInfo":"https:\/\/www.citycars.gr\/official-profile\/","correctionsPolicy":"https:\/\/www.citycars.gr\/%cf%8c%cf%81%ce%bf%ce%b9-%ce%ba%ce%b1%ce%b9-%cf%80%cf%81%ce%bf%cf%8b%cf%80%ce%bf%ce%b8%ce%ad%cf%83%ce%b5%ce%b9%cf%82\/","ethicsPolicy":"https:\/\/www.citycars.gr\/%cf%80%ce%bf%ce%bb%ce%b9%cf%84%ce%b9%ce%ba%ce%ae-%ce%b1%cf%80%ce%bf%cf%81%cf%81%ce%ae%cf%84%ce%bf%cf%85\/","address":{"@id":"https:\/\/www.citycars.gr\/pl\/informacje-o-kliencie\/#local-main-place-address"},"geo":{"@type":"GeoCoordinates","latitude":"40.622507912187565","longitude":"22.962557982461128"},"telephone":["+302310202029","+306939818182"],"contactPoint":{"@type":"ContactPoint","telephone":"+302310202029","email":"info@citycars.gr"},"openingHoursSpecification":{"@type":"OpeningHoursSpecification","dayOfWeek":["Monday","Tuesday","Wednesday","Thursday","Friday","Saturday","Sunday"],"opens":"00:00","closes":"23:59"},"email":"rentacar@citycars.gr","vatID":"EL801704863","priceRange":"$$"},{"@type":"PostalAddress","@id":"https:\/\/www.citycars.gr\/pl\/informacje-o-kliencie\/#local-main-place-address","streetAddress":"\u0394\u03bf\u03b9\u03c1\u03b1\u03bd\u03b7\u03c2 38","addressLocality":"\u0398\u03b5\u03c3\u03c3\u03b1\u03bb\u03bf\u03bd\u03b9\u03ba\u03b7","postalCode":"54638","addressRegion":"\u0398\u03b5\u03c3\u03c3\u03b1\u03bb\u03bf\u03bd\u03b9\u03ba\u03b7\u03c2","addressCountry":"GR"},{"@type":"ImageObject","inLanguage":"pl-PL","@id":"https:\/\/www.citycars.gr\/pl\/informacje-o-kliencie\/#local-main-organization-logo","url":"https:\/\/www.citycars.gr\/wp-content\/uploads\/2024\/03\/symbol.png","contentUrl":"https:\/\/www.citycars.gr\/wp-content\/uploads\/2024\/03\/symbol.png","width":1200,"height":1200,"caption":"City Car Rental Thessaloniki | Car Rental Services"}]},"geo.placename":"\u0398\u03b5\u03c3\u03c3\u03b1\u03bb\u03bf\u03bd\u03b9\u03ba\u03b7","geo.position":{"lat":"40.622507912187565","long":"22.962557982461128"},"geo.region":"Grecja"},"_links":{"self":[{"href":"https:\/\/www.citycars.gr\/pl\/wp-json\/wp\/v2\/pages\/5835","targetHints":{"allow":["GET"]}}],"collection":[{"href":"https:\/\/www.citycars.gr\/pl\/wp-json\/wp\/v2\/pages"}],"about":[{"href":"https:\/\/www.citycars.gr\/pl\/wp-json\/wp\/v2\/types\/page"}],"author":[{"embeddable":true,"href":"https:\/\/www.citycars.gr\/pl\/wp-json\/wp\/v2\/users\/4"}],"replies":[{"embeddable":true,"href":"https:\/\/www.citycars.gr\/pl\/wp-json\/wp\/v2\/comments?post=5835"}],"version-history":[{"count":3,"href":"https:\/\/www.citycars.gr\/pl\/wp-json\/wp\/v2\/pages\/5835\/revisions"}],"predecessor-version":[{"id":6193,"href":"https:\/\/www.citycars.gr\/pl\/wp-json\/wp\/v2\/pages\/5835\/revisions\/6193"}],"wp:attachment":[{"href":"https:\/\/www.citycars.gr\/pl\/wp-json\/wp\/v2\/media?parent=5835"}],"curies":[{"name":"wp","href":"https:\/\/api.w.org\/{rel}","templated":true}]}}