{"id":5395,"date":"2026-04-07T02:53:34","date_gmt":"2026-04-06T23:53:34","guid":{"rendered":"https:\/\/www.citycars.gr\/louer-une-voiture-a-laeroport-de-thessalonique-skg\/"},"modified":"2026-04-07T03:03:51","modified_gmt":"2026-04-07T00:03:51","slug":"louer-une-voiture-a-laeroport-de-thessalonique-skg","status":"publish","type":"page","link":"https:\/\/www.citycars.gr\/fr\/louer-une-voiture-a-laeroport-de-thessalonique-skg\/","title":{"rendered":"Louer une voiture \u00e0 l&rsquo;a\u00e9roport de Thessalonique (SKG)"},"content":{"rendered":"<h1><strong>Louer une voiture \u00e0 l&rsquo;a\u00e9roport de Thessalonique (SKG)<\/strong><\/h1>\n<p>&nbsp;<\/p>\n<p>Vous arrivez \u00e0 Thessalonique et vous cherchez la meilleure solution pour votre voyage ? <strong>Louer une voiture \u00e0 l&rsquo;a\u00e9roport de Thessalonique<\/strong> est l&rsquo;option la plus pratique pour tous les voyageurs. A l&rsquo;a\u00e9roport de Thessalonique <a href=\"http:\/\/www.citycars.gr\/fr\/\"><strong>City Car Rental<\/strong><\/a>nous vous offrons un service imm\u00e9diat d\u00e8s votre arriv\u00e9e.  <\/p>\n<p>Tout <b>d&rsquo;abord<\/b>, notre si\u00e8ge est situ\u00e9 \u00e0 quelques pas de l&rsquo;a\u00e9roport \u00ab\u00a0Macedonia\u00a0\u00bb. <strong>Ainsi<\/strong>, la livraison du v\u00e9hicule se fait tr\u00e8s rapidement, sans avoir \u00e0 subir de longues files d&rsquo;attente. De plus, notre \u00e9quipe est disponible 24 heures sur 24 pour r\u00e9pondre \u00e0 tous vos besoins. <\/p>\n<p><strong>Pourquoi choisir City Car Rental \u00e0 l&rsquo;a\u00e9roport ?<\/strong><\/p>\n<p>Il y a de nombreuses raisons de faire confiance \u00e0 notre entreprise. Tout d&rsquo;abord, nos prix sont totalement transparents. C&rsquo;est pourquoi vous ne trouverez jamais de frais cach\u00e9s ou de co\u00fbts suppl\u00e9mentaires dans votre contrat.  <\/p>\n<p>De plus, le processus de <strong>location d&rsquo;une voiture \u00e0 l&rsquo;a\u00e9roport de Thessalonique<\/strong> est extr\u00eamement simple. Une fois que vous avez effectu\u00e9 votre r\u00e9servation en ligne, nous nous occupons de tout le reste. Ainsi, vous gagnez du temps et commencez imm\u00e9diatement votre visite de la ville ou vos vacances en Chalcidique.  <\/p>\n<h2><strong>Explorez le nord de la Gr\u00e8ce en tout confort<\/strong><\/h2>\n<p>Nous disposons \u00e9galement d&rsquo;une flotte moderne qui r\u00e9pond \u00e0 toutes les exigences. Que vous ayez besoin d&rsquo;une citadine \u00e9conomique ou d&rsquo;un SUV spacieux, la solution est l\u00e0. <strong>De plus,<\/strong> nous fournissons une assistance routi\u00e8re 24 heures sur 24 pour que vous vous sentiez toujours en s\u00e9curit\u00e9 sur la route. <\/p>\n<p>En conclusion, si vous cherchez une <strong>location de voiture<\/strong> fiable <strong>\u00e0 l&rsquo;a\u00e9roport de Thessalonique<\/strong>, <strong>City Car Rental<\/strong> est votre partenaire id\u00e9al.<\/p>\n<p><a href=\"https:\/\/www.citycars.gr\/fr\/oth-flotte-de-city-car\/\">Consultez notre flotte ici<\/a> et faites votre r\u00e9servation d\u00e8s aujourd&rsquo;hui !<\/p>\n<p><em>Si vous cherchez \u00e0 louer une voiture \u00e0 l&rsquo;a\u00e9roport de Thessalonique, City Car Rental est votre meilleur choix. <\/em><\/p>\n<p>&nbsp;<\/p>\n","protected":false},"excerpt":{"rendered":"<p>Louer une voiture \u00e0 l&rsquo;a\u00e9roport de Thessalonique (SKG) &nbsp; Vous arrivez \u00e0 Thessalonique et vous cherchez la meilleure solution pour votre voyage ? Louer une voiture \u00e0 l&rsquo;a\u00e9roport de Thessalonique est l&rsquo;option la plus pratique pour tous les voyageurs. A l&rsquo;a\u00e9roport de Thessalonique City Car Rentalnous vous offrons un service imm\u00e9diat d\u00e8s votre arriv\u00e9e. Tout [&hellip;]<\/p>\n","protected":false},"author":4,"featured_media":0,"parent":0,"menu_order":0,"comment_status":"closed","ping_status":"closed","template":"","meta":{"footnotes":""},"class_list":["post-5395","page","type-page","status-publish","hentry"],"yoast_head":"<!-- This site is optimized with the Yoast SEO Premium plugin v27.4 (Yoast SEO v27.4) - https:\/\/yoast.com\/product\/yoast-seo-premium-wordpress\/ -->\n<title>Rent a Car Thessaloniki Airport SKG | City Car Rental<\/title>\n<meta name=\"description\" content=\"City Car Rental vous propose la prise en charge et la livraison imm\u00e9diates de votre v\u00e9hicule \u00e0 l&#039;a\u00e9roport de Thessalonique (SKG), sans frais cach\u00e9s et avec une assistance 24h\/24h. R\u00e9servez en ligne !\" \/>\n<meta name=\"robots\" content=\"index, follow, max-snippet:-1, max-image-preview:large, max-video-preview:-1\" \/>\n<link rel=\"canonical\" href=\"https:\/\/www.citycars.gr\/fr\/louer-une-voiture-a-laeroport-de-thessalonique-skg\/\" \/>\n<meta property=\"og:locale\" content=\"fr_FR\" \/>\n<meta property=\"og:type\" content=\"article\" \/>\n<meta property=\"og:title\" content=\"City Car Rental Thessaloniki Greece\" \/>\n<meta property=\"og:description\" content=\"City Car Rental vous propose la prise en charge et la livraison imm\u00e9diates de votre v\u00e9hicule \u00e0 l&#039;a\u00e9roport de Thessalonique (SKG), sans frais cach\u00e9s et avec une assistance 24h\/24h. R\u00e9servez en ligne !\" \/>\n<meta property=\"og:url\" content=\"https:\/\/www.citycars.gr\/fr\/louer-une-voiture-a-laeroport-de-thessalonique-skg\/\" \/>\n<meta property=\"og:site_name\" content=\"City Car Rental\" \/>\n<meta property=\"article:publisher\" content=\"https:\/\/www.facebook.com\/CityCarRentalThessaloniki\" \/>\n<meta property=\"article:modified_time\" content=\"2026-04-07T00:03:51+00:00\" \/>\n<meta property=\"og:image\" content=\"https:\/\/www.citycars.gr\/wp-content\/uploads\/2021\/03\/logo-landscape.png\" \/>\n\t<meta property=\"og:image:width\" content=\"640\" \/>\n\t<meta property=\"og:image:height\" content=\"303\" \/>\n\t<meta property=\"og:image:type\" content=\"image\/png\" \/>\n<meta name=\"twitter:card\" content=\"summary_large_image\" \/>\n<meta name=\"twitter:site\" content=\"@CityCarSalonika\" \/>\n<meta name=\"twitter:label1\" content=\"Dur\u00e9e de lecture estim\u00e9e\" \/>\n\t<meta name=\"twitter:data1\" content=\"2 minutes\" \/>\n<script type=\"application\/ld+json\" class=\"yoast-schema-graph\">{\"@context\":\"https:\\\/\\\/schema.org\",\"@graph\":[{\"@type\":\"WebPage\",\"@id\":\"https:\\\/\\\/www.citycars.gr\\\/fr\\\/louer-une-voiture-a-laeroport-de-thessalonique-skg\\\/\",\"url\":\"https:\\\/\\\/www.citycars.gr\\\/fr\\\/louer-une-voiture-a-laeroport-de-thessalonique-skg\\\/\",\"name\":\"Rent a Car Thessaloniki Airport SKG | City Car Rental\",\"isPartOf\":{\"@id\":\"https:\\\/\\\/citycars.globaltouchdev.eu\\\/#website\"},\"datePublished\":\"2026-04-06T23:53:34+00:00\",\"dateModified\":\"2026-04-07T00:03:51+00:00\",\"description\":\"City Car Rental vous propose la prise en charge et la livraison imm\u00e9diates de votre v\u00e9hicule \u00e0 l'a\u00e9roport de Thessalonique (SKG), sans frais cach\u00e9s et avec une assistance 24h\\\/24h. R\u00e9servez en ligne !\",\"breadcrumb\":{\"@id\":\"https:\\\/\\\/www.citycars.gr\\\/fr\\\/louer-une-voiture-a-laeroport-de-thessalonique-skg\\\/#breadcrumb\"},\"inLanguage\":\"fr-FR\",\"potentialAction\":[{\"@type\":\"ReadAction\",\"target\":[\"https:\\\/\\\/www.citycars.gr\\\/fr\\\/louer-une-voiture-a-laeroport-de-thessalonique-skg\\\/\"]}]},{\"@type\":\"BreadcrumbList\",\"@id\":\"https:\\\/\\\/www.citycars.gr\\\/fr\\\/louer-une-voiture-a-laeroport-de-thessalonique-skg\\\/#breadcrumb\",\"itemListElement\":[{\"@type\":\"ListItem\",\"position\":1,\"name\":\"Original\",\"item\":\"https:\\\/\\\/www.citycars.gr\\\/fr\\\/location-de-voitures-thessalonique-city-car-rental\\\/\"},{\"@type\":\"ListItem\",\"position\":2,\"name\":\"Louer une voiture \u00e0 l&rsquo;a\u00e9roport de Thessalonique (SKG)\"}]},{\"@type\":\"WebSite\",\"@id\":\"https:\\\/\\\/citycars.globaltouchdev.eu\\\/#website\",\"url\":\"https:\\\/\\\/citycars.globaltouchdev.eu\\\/\",\"name\":\"\u0395\u03bd\u03bf\u03b9\u03ba\u03b9\u03ac\u03c3\u03b5\u03b9\u03c2 \u0391\u03c5\u03c4\u03bf\u03ba\u03b9\u03bd\u03ae\u03c4\u03c9\u03bd \u0398\u03b5\u03c3\u03c3\u03b1\u03bb\u03bf\u03bd\u03af\u03ba\u03b7 | Rent a Car Thessaloniki | City Car Rental\",\"description\":\"Rent a Car Airport Thessaloniki Greece\",\"publisher\":{\"@id\":\"https:\\\/\\\/citycars.globaltouchdev.eu\\\/#organization\"},\"alternateName\":\"Auto Mieten Thessaloniki Flughafen\",\"potentialAction\":[{\"@type\":\"SearchAction\",\"target\":{\"@type\":\"EntryPoint\",\"urlTemplate\":\"https:\\\/\\\/citycars.globaltouchdev.eu\\\/?s={search_term_string}\"},\"query-input\":{\"@type\":\"PropertyValueSpecification\",\"valueRequired\":true,\"valueName\":\"search_term_string\"}}],\"inLanguage\":\"fr-FR\"},{\"@type\":[\"Organization\",\"Place\",\"AutoRental\"],\"@id\":\"https:\\\/\\\/citycars.globaltouchdev.eu\\\/#organization\",\"name\":\"City Car Rental Thessaloniki | Services de location de voitures\",\"alternateName\":\"Location de voiture \u00e0 l'a\u00e9roport de Thessalonique Gr\u00e8ce | City Car Rental\",\"url\":\"https:\\\/\\\/citycars.globaltouchdev.eu\\\/\",\"logo\":{\"@id\":\"https:\\\/\\\/www.citycars.gr\\\/fr\\\/louer-une-voiture-a-laeroport-de-thessalonique-skg\\\/#local-main-organization-logo\"},\"image\":{\"@id\":\"https:\\\/\\\/www.citycars.gr\\\/fr\\\/louer-une-voiture-a-laeroport-de-thessalonique-skg\\\/#local-main-organization-logo\"},\"sameAs\":[\"https:\\\/\\\/www.facebook.com\\\/CityCarRentalThessaloniki\",\"https:\\\/\\\/x.com\\\/CityCarSalonika\",\"https:\\\/\\\/mastodon.social\\\/@Citycars\",\"https:\\\/\\\/www.instagram.com\\\/city_car_rental_thess\\\/\",\"https:\\\/\\\/www.youtube.com\\\/watch?v=Duixnt_tgZ8&ab_channel=AlexandrosTsapournias\",\"https:\\\/\\\/www.tripadvisor.com\\\/Attraction_Review-g189473-d23048607-Reviews-City_Car_Rental-Thessaloniki_Thessaloniki_Region_Central_Macedonia.html\",\"https:\\\/\\\/www.tiktok.com\\\/@citycarrentalthess\"],\"description\":\"Soci\u00e9t\u00e9 de location de voitures \u00e0 Thessalonique Gr\u00e8ce\",\"foundingDate\":\"2013-11-13\",\"numberOfEmployees\":{\"@type\":\"QuantitativeValue\",\"minValue\":\"1\",\"maxValue\":\"10\"},\"ownershipFundingInfo\":\"https:\\\/\\\/www.citycars.gr\\\/official-profile\\\/\",\"correctionsPolicy\":\"https:\\\/\\\/www.citycars.gr\\\/%cf%8c%cf%81%ce%bf%ce%b9-%ce%ba%ce%b1%ce%b9-%cf%80%cf%81%ce%bf%cf%8b%cf%80%ce%bf%ce%b8%ce%ad%cf%83%ce%b5%ce%b9%cf%82\\\/\",\"ethicsPolicy\":\"https:\\\/\\\/www.citycars.gr\\\/%cf%80%ce%bf%ce%bb%ce%b9%cf%84%ce%b9%ce%ba%ce%ae-%ce%b1%cf%80%ce%bf%cf%81%cf%81%ce%ae%cf%84%ce%bf%cf%85\\\/\",\"address\":{\"@id\":\"https:\\\/\\\/www.citycars.gr\\\/fr\\\/louer-une-voiture-a-laeroport-de-thessalonique-skg\\\/#local-main-place-address\"},\"geo\":{\"@type\":\"GeoCoordinates\",\"latitude\":\"40.622507912187565\",\"longitude\":\"22.962557982461128\"},\"telephone\":[\"+302310202029\",\"+306939818182\"],\"contactPoint\":{\"@type\":\"ContactPoint\",\"telephone\":\"+302310202029\",\"email\":\"info@citycars.gr\"},\"openingHoursSpecification\":{\"@type\":\"OpeningHoursSpecification\",\"dayOfWeek\":[\"Monday\",\"Tuesday\",\"Wednesday\",\"Thursday\",\"Friday\",\"Saturday\",\"Sunday\"],\"opens\":\"00:00\",\"closes\":\"23:59\"},\"email\":\"rentacar@citycars.gr\",\"vatID\":\"EL801704863\",\"priceRange\":\"$$\"},{\"@type\":\"PostalAddress\",\"@id\":\"https:\\\/\\\/www.citycars.gr\\\/fr\\\/louer-une-voiture-a-laeroport-de-thessalonique-skg\\\/#local-main-place-address\",\"streetAddress\":\"\u0394\u03bf\u03b9\u03c1\u03b1\u03bd\u03b7\u03c2 38\",\"addressLocality\":\"\u0398\u03b5\u03c3\u03c3\u03b1\u03bb\u03bf\u03bd\u03b9\u03ba\u03b7\",\"postalCode\":\"54638\",\"addressRegion\":\"\u0398\u03b5\u03c3\u03c3\u03b1\u03bb\u03bf\u03bd\u03b9\u03ba\u03b7\u03c2\",\"addressCountry\":\"GR\"},{\"@type\":\"ImageObject\",\"inLanguage\":\"fr-FR\",\"@id\":\"https:\\\/\\\/www.citycars.gr\\\/fr\\\/louer-une-voiture-a-laeroport-de-thessalonique-skg\\\/#local-main-organization-logo\",\"url\":\"https:\\\/\\\/www.citycars.gr\\\/wp-content\\\/uploads\\\/2024\\\/03\\\/symbol.png\",\"contentUrl\":\"https:\\\/\\\/www.citycars.gr\\\/wp-content\\\/uploads\\\/2024\\\/03\\\/symbol.png\",\"width\":1200,\"height\":1200,\"caption\":\"City Car Rental Thessaloniki | Services de location de voitures\"}]}<\/script>\n<meta name=\"geo.placename\" content=\"\u0398\u03b5\u03c3\u03c3\u03b1\u03bb\u03bf\u03bd\u03b9\u03ba\u03b7\" \/>\n<meta name=\"geo.position\" content=\"40.622507912187565;22.962557982461128\" \/>\n<meta name=\"geo.region\" content=\"Gr\u00e8ce\" \/>\n<!-- \/ Yoast SEO Premium plugin. -->","yoast_head_json":{"title":"Rent a Car Thessaloniki Airport SKG | City Car Rental","description":"City Car Rental vous propose la prise en charge et la livraison imm\u00e9diates de votre v\u00e9hicule \u00e0 l'a\u00e9roport de Thessalonique (SKG), sans frais cach\u00e9s et avec une assistance 24h\/24h. R\u00e9servez en ligne !","robots":{"index":"index","follow":"follow","max-snippet":"max-snippet:-1","max-image-preview":"max-image-preview:large","max-video-preview":"max-video-preview:-1"},"canonical":"https:\/\/www.citycars.gr\/fr\/louer-une-voiture-a-laeroport-de-thessalonique-skg\/","og_locale":"fr_FR","og_type":"article","og_title":"City Car Rental Thessaloniki Greece","og_description":"City Car Rental vous propose la prise en charge et la livraison imm\u00e9diates de votre v\u00e9hicule \u00e0 l'a\u00e9roport de Thessalonique (SKG), sans frais cach\u00e9s et avec une assistance 24h\/24h. R\u00e9servez en ligne !","og_url":"https:\/\/www.citycars.gr\/fr\/louer-une-voiture-a-laeroport-de-thessalonique-skg\/","og_site_name":"City Car Rental","article_publisher":"https:\/\/www.facebook.com\/CityCarRentalThessaloniki","article_modified_time":"2026-04-07T00:03:51+00:00","og_image":[{"width":640,"height":303,"url":"https:\/\/www.citycars.gr\/wp-content\/uploads\/2021\/03\/logo-landscape.png","type":"image\/png"}],"twitter_card":"summary_large_image","twitter_site":"@CityCarSalonika","twitter_misc":{"Dur\u00e9e de lecture estim\u00e9e":"2 minutes"},"schema":{"@context":"https:\/\/schema.org","@graph":[{"@type":"WebPage","@id":"https:\/\/www.citycars.gr\/fr\/louer-une-voiture-a-laeroport-de-thessalonique-skg\/","url":"https:\/\/www.citycars.gr\/fr\/louer-une-voiture-a-laeroport-de-thessalonique-skg\/","name":"Rent a Car Thessaloniki Airport SKG | City Car Rental","isPartOf":{"@id":"https:\/\/citycars.globaltouchdev.eu\/#website"},"datePublished":"2026-04-06T23:53:34+00:00","dateModified":"2026-04-07T00:03:51+00:00","description":"City Car Rental vous propose la prise en charge et la livraison imm\u00e9diates de votre v\u00e9hicule \u00e0 l'a\u00e9roport de Thessalonique (SKG), sans frais cach\u00e9s et avec une assistance 24h\/24h. R\u00e9servez en ligne !","breadcrumb":{"@id":"https:\/\/www.citycars.gr\/fr\/louer-une-voiture-a-laeroport-de-thessalonique-skg\/#breadcrumb"},"inLanguage":"fr-FR","potentialAction":[{"@type":"ReadAction","target":["https:\/\/www.citycars.gr\/fr\/louer-une-voiture-a-laeroport-de-thessalonique-skg\/"]}]},{"@type":"BreadcrumbList","@id":"https:\/\/www.citycars.gr\/fr\/louer-une-voiture-a-laeroport-de-thessalonique-skg\/#breadcrumb","itemListElement":[{"@type":"ListItem","position":1,"name":"Original","item":"https:\/\/www.citycars.gr\/fr\/location-de-voitures-thessalonique-city-car-rental\/"},{"@type":"ListItem","position":2,"name":"Louer une voiture \u00e0 l&rsquo;a\u00e9roport de Thessalonique (SKG)"}]},{"@type":"WebSite","@id":"https:\/\/citycars.globaltouchdev.eu\/#website","url":"https:\/\/citycars.globaltouchdev.eu\/","name":"\u0395\u03bd\u03bf\u03b9\u03ba\u03b9\u03ac\u03c3\u03b5\u03b9\u03c2 \u0391\u03c5\u03c4\u03bf\u03ba\u03b9\u03bd\u03ae\u03c4\u03c9\u03bd \u0398\u03b5\u03c3\u03c3\u03b1\u03bb\u03bf\u03bd\u03af\u03ba\u03b7 | Rent a Car Thessaloniki | City Car Rental","description":"Rent a Car Airport Thessaloniki Greece","publisher":{"@id":"https:\/\/citycars.globaltouchdev.eu\/#organization"},"alternateName":"Auto Mieten Thessaloniki Flughafen","potentialAction":[{"@type":"SearchAction","target":{"@type":"EntryPoint","urlTemplate":"https:\/\/citycars.globaltouchdev.eu\/?s={search_term_string}"},"query-input":{"@type":"PropertyValueSpecification","valueRequired":true,"valueName":"search_term_string"}}],"inLanguage":"fr-FR"},{"@type":["Organization","Place","AutoRental"],"@id":"https:\/\/citycars.globaltouchdev.eu\/#organization","name":"City Car Rental Thessaloniki | Services de location de voitures","alternateName":"Location de voiture \u00e0 l'a\u00e9roport de Thessalonique Gr\u00e8ce | City Car Rental","url":"https:\/\/citycars.globaltouchdev.eu\/","logo":{"@id":"https:\/\/www.citycars.gr\/fr\/louer-une-voiture-a-laeroport-de-thessalonique-skg\/#local-main-organization-logo"},"image":{"@id":"https:\/\/www.citycars.gr\/fr\/louer-une-voiture-a-laeroport-de-thessalonique-skg\/#local-main-organization-logo"},"sameAs":["https:\/\/www.facebook.com\/CityCarRentalThessaloniki","https:\/\/x.com\/CityCarSalonika","https:\/\/mastodon.social\/@Citycars","https:\/\/www.instagram.com\/city_car_rental_thess\/","https:\/\/www.youtube.com\/watch?v=Duixnt_tgZ8&ab_channel=AlexandrosTsapournias","https:\/\/www.tripadvisor.com\/Attraction_Review-g189473-d23048607-Reviews-City_Car_Rental-Thessaloniki_Thessaloniki_Region_Central_Macedonia.html","https:\/\/www.tiktok.com\/@citycarrentalthess"],"description":"Soci\u00e9t\u00e9 de location de voitures \u00e0 Thessalonique Gr\u00e8ce","foundingDate":"2013-11-13","numberOfEmployees":{"@type":"QuantitativeValue","minValue":"1","maxValue":"10"},"ownershipFundingInfo":"https:\/\/www.citycars.gr\/official-profile\/","correctionsPolicy":"https:\/\/www.citycars.gr\/%cf%8c%cf%81%ce%bf%ce%b9-%ce%ba%ce%b1%ce%b9-%cf%80%cf%81%ce%bf%cf%8b%cf%80%ce%bf%ce%b8%ce%ad%cf%83%ce%b5%ce%b9%cf%82\/","ethicsPolicy":"https:\/\/www.citycars.gr\/%cf%80%ce%bf%ce%bb%ce%b9%cf%84%ce%b9%ce%ba%ce%ae-%ce%b1%cf%80%ce%bf%cf%81%cf%81%ce%ae%cf%84%ce%bf%cf%85\/","address":{"@id":"https:\/\/www.citycars.gr\/fr\/louer-une-voiture-a-laeroport-de-thessalonique-skg\/#local-main-place-address"},"geo":{"@type":"GeoCoordinates","latitude":"40.622507912187565","longitude":"22.962557982461128"},"telephone":["+302310202029","+306939818182"],"contactPoint":{"@type":"ContactPoint","telephone":"+302310202029","email":"info@citycars.gr"},"openingHoursSpecification":{"@type":"OpeningHoursSpecification","dayOfWeek":["Monday","Tuesday","Wednesday","Thursday","Friday","Saturday","Sunday"],"opens":"00:00","closes":"23:59"},"email":"rentacar@citycars.gr","vatID":"EL801704863","priceRange":"$$"},{"@type":"PostalAddress","@id":"https:\/\/www.citycars.gr\/fr\/louer-une-voiture-a-laeroport-de-thessalonique-skg\/#local-main-place-address","streetAddress":"\u0394\u03bf\u03b9\u03c1\u03b1\u03bd\u03b7\u03c2 38","addressLocality":"\u0398\u03b5\u03c3\u03c3\u03b1\u03bb\u03bf\u03bd\u03b9\u03ba\u03b7","postalCode":"54638","addressRegion":"\u0398\u03b5\u03c3\u03c3\u03b1\u03bb\u03bf\u03bd\u03b9\u03ba\u03b7\u03c2","addressCountry":"GR"},{"@type":"ImageObject","inLanguage":"fr-FR","@id":"https:\/\/www.citycars.gr\/fr\/louer-une-voiture-a-laeroport-de-thessalonique-skg\/#local-main-organization-logo","url":"https:\/\/www.citycars.gr\/wp-content\/uploads\/2024\/03\/symbol.png","contentUrl":"https:\/\/www.citycars.gr\/wp-content\/uploads\/2024\/03\/symbol.png","width":1200,"height":1200,"caption":"City Car Rental Thessaloniki | Services de location de voitures"}]},"geo.placename":"\u0398\u03b5\u03c3\u03c3\u03b1\u03bb\u03bf\u03bd\u03b9\u03ba\u03b7","geo.position":{"lat":"40.622507912187565","long":"22.962557982461128"},"geo.region":"Gr\u00e8ce"},"_links":{"self":[{"href":"https:\/\/www.citycars.gr\/fr\/wp-json\/wp\/v2\/pages\/5395","targetHints":{"allow":["GET"]}}],"collection":[{"href":"https:\/\/www.citycars.gr\/fr\/wp-json\/wp\/v2\/pages"}],"about":[{"href":"https:\/\/www.citycars.gr\/fr\/wp-json\/wp\/v2\/types\/page"}],"author":[{"embeddable":true,"href":"https:\/\/www.citycars.gr\/fr\/wp-json\/wp\/v2\/users\/4"}],"replies":[{"embeddable":true,"href":"https:\/\/www.citycars.gr\/fr\/wp-json\/wp\/v2\/comments?post=5395"}],"version-history":[{"count":1,"href":"https:\/\/www.citycars.gr\/fr\/wp-json\/wp\/v2\/pages\/5395\/revisions"}],"predecessor-version":[{"id":5401,"href":"https:\/\/www.citycars.gr\/fr\/wp-json\/wp\/v2\/pages\/5395\/revisions\/5401"}],"wp:attachment":[{"href":"https:\/\/www.citycars.gr\/fr\/wp-json\/wp\/v2\/media?parent=5395"}],"curies":[{"name":"wp","href":"https:\/\/api.w.org\/{rel}","templated":true}]}}