{"id":2984,"date":"2024-07-04T13:43:58","date_gmt":"2024-07-04T10:43:58","guid":{"rendered":"https:\/\/citycars.globaltouchdev.eu\/oth-flotte-de-voitures-de-ville\/"},"modified":"2024-07-30T14:47:34","modified_gmt":"2024-07-30T11:47:34","slug":"oth-flotte-de-voitures-de-ville","status":"publish","type":"page","link":"https:\/\/www.citycars.gr\/fr\/oth-flotte-de-voitures-de-ville\/","title":{"rendered":"OTH &#8211; Flotte de voitures de ville"},"content":{"rendered":"<h3>Choosing the Right Vehicle with City Car Rental Thessaloniki: Understanding &lsquo;Or Similar&rsquo; Options<\/h3>\n<p><strong>City Car Rental Thessaloniki<\/strong> offers a wide range of high-quality vehicles, ensuring that you&rsquo;ll find the perfect car to meet your needs, regardless of destination or journey length. The term \u00ab\u00a0or similar\u00a0\u00bb means that when renting, you choose a category of vehicle, not a specific model. In the rare case the specific model you&rsquo;ve selected is unavailable, we guarantee to provide a vehicle with equal or superior features in the same or similar category, ensuring comfort, safety, and driving pleasure.<\/p>\n<p>Whether you&rsquo;re looking for an economical <strong>small car<\/strong> for easy city parking or a luxurious <strong>SUV<\/strong> for comfortable out-of-town excursions, <strong>City Car Rental Thessaloniki<\/strong> covers every need with its rich and diverse fleet. Let car rental be the easiest and most pleasant process of your trip with <a href=\"http:\/\/www.citycars.gr\">City Car Rental Thessaloniki<\/a>.<\/p>\n<p>&nbsp;<\/p>\n<p>[vikrentcar category_id=\u00a0\u00bb\u00a0\u00bb orderby=\u00a0\u00bbprice\u00a0\u00bb ordertype=\u00a0\u00bbasc\u00a0\u00bb lim=\u00a0\u00bb40&Prime; view=\u00a0\u00bbcarslist\u00a0\u00bb]<\/p>\n&#13;\n<p>\u00a0<\/p>&#13;\n","protected":false},"excerpt":{"rendered":"<p>Choosing the Right Vehicle with City Car Rental Thessaloniki: Understanding &lsquo;Or Similar&rsquo; Options City Car Rental Thessaloniki offers a wide range of high-quality vehicles, ensuring that you&rsquo;ll find the perfect car to meet your needs, regardless of destination or journey length. The term \u00ab\u00a0or similar\u00a0\u00bb means that when renting, you choose a category of vehicle, [&hellip;]<\/p>\n","protected":false},"author":1,"featured_media":0,"parent":0,"menu_order":0,"comment_status":"closed","ping_status":"closed","template":"","meta":{"footnotes":""},"class_list":["post-2984","page","type-page","status-publish","hentry"],"yoast_head":"<!-- This site is optimized with the Yoast SEO Premium plugin v27.4 (Yoast SEO v27.4) - https:\/\/yoast.com\/product\/yoast-seo-premium-wordpress\/ -->\n<title>Location de voitures City Car Rental Thessalonique<\/title>\n<meta name=\"description\" content=\"D\u00e9couvrez la flotte diversifi\u00e9e de City Car Rental et d\u00e9couvrez ce que signifie l&#039;option \u00ab ou similaire \u00bb pour la location parfaite.\" \/>\n<meta name=\"robots\" content=\"index, follow, max-snippet:-1, max-image-preview:large, max-video-preview:-1\" \/>\n<link rel=\"canonical\" href=\"https:\/\/www.citycars.gr\/fr\/oth-flotte-de-voitures-de-ville\/\" \/>\n<meta property=\"og:locale\" content=\"fr_FR\" \/>\n<meta property=\"og:type\" content=\"article\" \/>\n<meta property=\"og:title\" content=\"City Car Rental Thessaloniki Greece\" \/>\n<meta property=\"og:description\" content=\"D\u00e9couvrez la flotte diversifi\u00e9e de City Car Rental et d\u00e9couvrez ce que signifie l&#039;option \u00ab ou similaire \u00bb pour la location parfaite.\" \/>\n<meta property=\"og:url\" content=\"https:\/\/www.citycars.gr\/fr\/oth-flotte-de-voitures-de-ville\/\" \/>\n<meta property=\"og:site_name\" content=\"City Car Rental\" \/>\n<meta property=\"article:publisher\" content=\"https:\/\/www.facebook.com\/CityCarRentalThessaloniki\" \/>\n<meta property=\"article:modified_time\" content=\"2024-07-30T11:47:34+00:00\" \/>\n<meta property=\"og:image\" content=\"https:\/\/www.citycars.gr\/wp-content\/uploads\/2021\/03\/logo-landscape.png\" \/>\n\t<meta property=\"og:image:width\" content=\"640\" \/>\n\t<meta property=\"og:image:height\" content=\"303\" \/>\n\t<meta property=\"og:image:type\" content=\"image\/png\" \/>\n<meta name=\"twitter:card\" content=\"summary_large_image\" \/>\n<meta name=\"twitter:site\" content=\"@CityCarSalonika\" \/>\n<meta name=\"twitter:label1\" content=\"Dur\u00e9e de lecture estim\u00e9e\" \/>\n\t<meta name=\"twitter:data1\" content=\"1 minute\" \/>\n<script type=\"application\/ld+json\" class=\"yoast-schema-graph\">{\"@context\":\"https:\\\/\\\/schema.org\",\"@graph\":[{\"@type\":\"WebPage\",\"@id\":\"https:\\\/\\\/www.citycars.gr\\\/fr\\\/oth-flotte-de-voitures-de-ville\\\/\",\"url\":\"https:\\\/\\\/www.citycars.gr\\\/fr\\\/oth-flotte-de-voitures-de-ville\\\/\",\"name\":\"Location de voitures City Car Rental Thessalonique\",\"isPartOf\":{\"@id\":\"https:\\\/\\\/citycars.globaltouchdev.eu\\\/#website\"},\"datePublished\":\"2024-07-04T10:43:58+00:00\",\"dateModified\":\"2024-07-30T11:47:34+00:00\",\"description\":\"D\u00e9couvrez la flotte diversifi\u00e9e de City Car Rental et d\u00e9couvrez ce que signifie l'option \u00ab ou similaire \u00bb pour la location parfaite.\",\"breadcrumb\":{\"@id\":\"https:\\\/\\\/www.citycars.gr\\\/fr\\\/oth-flotte-de-voitures-de-ville\\\/#breadcrumb\"},\"inLanguage\":\"fr-FR\",\"potentialAction\":[{\"@type\":\"ReadAction\",\"target\":[\"https:\\\/\\\/www.citycars.gr\\\/fr\\\/oth-flotte-de-voitures-de-ville\\\/\"]}]},{\"@type\":\"BreadcrumbList\",\"@id\":\"https:\\\/\\\/www.citycars.gr\\\/fr\\\/oth-flotte-de-voitures-de-ville\\\/#breadcrumb\",\"itemListElement\":[{\"@type\":\"ListItem\",\"position\":1,\"name\":\"Original\",\"item\":\"https:\\\/\\\/www.citycars.gr\\\/fr\\\/location-de-voitures-thessalonique-city-car-rental\\\/\"},{\"@type\":\"ListItem\",\"position\":2,\"name\":\"OTH &#8211; Flotte de voitures de ville\"}]},{\"@type\":\"WebSite\",\"@id\":\"https:\\\/\\\/citycars.globaltouchdev.eu\\\/#website\",\"url\":\"https:\\\/\\\/citycars.globaltouchdev.eu\\\/\",\"name\":\"\u0395\u03bd\u03bf\u03b9\u03ba\u03b9\u03ac\u03c3\u03b5\u03b9\u03c2 \u0391\u03c5\u03c4\u03bf\u03ba\u03b9\u03bd\u03ae\u03c4\u03c9\u03bd \u0398\u03b5\u03c3\u03c3\u03b1\u03bb\u03bf\u03bd\u03af\u03ba\u03b7 | Rent a Car Thessaloniki | City Car Rental\",\"description\":\"Rent a Car Airport Thessaloniki Greece\",\"publisher\":{\"@id\":\"https:\\\/\\\/citycars.globaltouchdev.eu\\\/#organization\"},\"alternateName\":\"Auto Mieten Thessaloniki Flughafen\",\"potentialAction\":[{\"@type\":\"SearchAction\",\"target\":{\"@type\":\"EntryPoint\",\"urlTemplate\":\"https:\\\/\\\/citycars.globaltouchdev.eu\\\/?s={search_term_string}\"},\"query-input\":{\"@type\":\"PropertyValueSpecification\",\"valueRequired\":true,\"valueName\":\"search_term_string\"}}],\"inLanguage\":\"fr-FR\"},{\"@type\":[\"Organization\",\"Place\",\"AutoRental\"],\"@id\":\"https:\\\/\\\/citycars.globaltouchdev.eu\\\/#organization\",\"name\":\"City Car Rental Thessaloniki | Services de location de voitures\",\"alternateName\":\"Location de voiture \u00e0 l'a\u00e9roport de Thessalonique Gr\u00e8ce | City Car Rental\",\"url\":\"https:\\\/\\\/citycars.globaltouchdev.eu\\\/\",\"logo\":{\"@id\":\"https:\\\/\\\/www.citycars.gr\\\/fr\\\/oth-flotte-de-voitures-de-ville\\\/#local-main-organization-logo\"},\"image\":{\"@id\":\"https:\\\/\\\/www.citycars.gr\\\/fr\\\/oth-flotte-de-voitures-de-ville\\\/#local-main-organization-logo\"},\"sameAs\":[\"https:\\\/\\\/www.facebook.com\\\/CityCarRentalThessaloniki\",\"https:\\\/\\\/x.com\\\/CityCarSalonika\",\"https:\\\/\\\/mastodon.social\\\/@Citycars\",\"https:\\\/\\\/www.instagram.com\\\/city_car_rental_thess\\\/\",\"https:\\\/\\\/www.youtube.com\\\/watch?v=Duixnt_tgZ8&ab_channel=AlexandrosTsapournias\",\"https:\\\/\\\/www.tripadvisor.com\\\/Attraction_Review-g189473-d23048607-Reviews-City_Car_Rental-Thessaloniki_Thessaloniki_Region_Central_Macedonia.html\",\"https:\\\/\\\/www.tiktok.com\\\/@citycarrentalthess\"],\"description\":\"Soci\u00e9t\u00e9 de location de voitures \u00e0 Thessalonique Gr\u00e8ce\",\"foundingDate\":\"2013-11-13\",\"numberOfEmployees\":{\"@type\":\"QuantitativeValue\",\"minValue\":\"1\",\"maxValue\":\"10\"},\"ownershipFundingInfo\":\"https:\\\/\\\/www.citycars.gr\\\/official-profile\\\/\",\"correctionsPolicy\":\"https:\\\/\\\/www.citycars.gr\\\/%cf%8c%cf%81%ce%bf%ce%b9-%ce%ba%ce%b1%ce%b9-%cf%80%cf%81%ce%bf%cf%8b%cf%80%ce%bf%ce%b8%ce%ad%cf%83%ce%b5%ce%b9%cf%82\\\/\",\"ethicsPolicy\":\"https:\\\/\\\/www.citycars.gr\\\/%cf%80%ce%bf%ce%bb%ce%b9%cf%84%ce%b9%ce%ba%ce%ae-%ce%b1%cf%80%ce%bf%cf%81%cf%81%ce%ae%cf%84%ce%bf%cf%85\\\/\",\"address\":{\"@id\":\"https:\\\/\\\/www.citycars.gr\\\/fr\\\/oth-flotte-de-voitures-de-ville\\\/#local-main-place-address\"},\"geo\":{\"@type\":\"GeoCoordinates\",\"latitude\":\"40.622507912187565\",\"longitude\":\"22.962557982461128\"},\"telephone\":[\"+302310202029\",\"+306939818182\"],\"contactPoint\":{\"@type\":\"ContactPoint\",\"telephone\":\"+302310202029\",\"email\":\"info@citycars.gr\"},\"openingHoursSpecification\":{\"@type\":\"OpeningHoursSpecification\",\"dayOfWeek\":[\"Monday\",\"Tuesday\",\"Wednesday\",\"Thursday\",\"Friday\",\"Saturday\",\"Sunday\"],\"opens\":\"00:00\",\"closes\":\"23:59\"},\"email\":\"rentacar@citycars.gr\",\"vatID\":\"EL801704863\",\"priceRange\":\"$$\"},{\"@type\":\"PostalAddress\",\"@id\":\"https:\\\/\\\/www.citycars.gr\\\/fr\\\/oth-flotte-de-voitures-de-ville\\\/#local-main-place-address\",\"streetAddress\":\"\u0394\u03bf\u03b9\u03c1\u03b1\u03bd\u03b7\u03c2 38\",\"addressLocality\":\"\u0398\u03b5\u03c3\u03c3\u03b1\u03bb\u03bf\u03bd\u03b9\u03ba\u03b7\",\"postalCode\":\"54638\",\"addressRegion\":\"\u0398\u03b5\u03c3\u03c3\u03b1\u03bb\u03bf\u03bd\u03b9\u03ba\u03b7\u03c2\",\"addressCountry\":\"GR\"},{\"@type\":\"ImageObject\",\"inLanguage\":\"fr-FR\",\"@id\":\"https:\\\/\\\/www.citycars.gr\\\/fr\\\/oth-flotte-de-voitures-de-ville\\\/#local-main-organization-logo\",\"url\":\"https:\\\/\\\/www.citycars.gr\\\/wp-content\\\/uploads\\\/2024\\\/03\\\/symbol.png\",\"contentUrl\":\"https:\\\/\\\/www.citycars.gr\\\/wp-content\\\/uploads\\\/2024\\\/03\\\/symbol.png\",\"width\":1200,\"height\":1200,\"caption\":\"City Car Rental Thessaloniki | Services de location de voitures\"}]}<\/script>\n<meta name=\"geo.placename\" content=\"\u0398\u03b5\u03c3\u03c3\u03b1\u03bb\u03bf\u03bd\u03b9\u03ba\u03b7\" \/>\n<meta name=\"geo.position\" content=\"40.622507912187565;22.962557982461128\" \/>\n<meta name=\"geo.region\" content=\"Gr\u00e8ce\" \/>\n<!-- \/ Yoast SEO Premium plugin. -->","yoast_head_json":{"title":"Location de voitures City Car Rental Thessalonique","description":"D\u00e9couvrez la flotte diversifi\u00e9e de City Car Rental et d\u00e9couvrez ce que signifie l'option \u00ab ou similaire \u00bb pour la location parfaite.","robots":{"index":"index","follow":"follow","max-snippet":"max-snippet:-1","max-image-preview":"max-image-preview:large","max-video-preview":"max-video-preview:-1"},"canonical":"https:\/\/www.citycars.gr\/fr\/oth-flotte-de-voitures-de-ville\/","og_locale":"fr_FR","og_type":"article","og_title":"City Car Rental Thessaloniki Greece","og_description":"D\u00e9couvrez la flotte diversifi\u00e9e de City Car Rental et d\u00e9couvrez ce que signifie l'option \u00ab ou similaire \u00bb pour la location parfaite.","og_url":"https:\/\/www.citycars.gr\/fr\/oth-flotte-de-voitures-de-ville\/","og_site_name":"City Car Rental","article_publisher":"https:\/\/www.facebook.com\/CityCarRentalThessaloniki","article_modified_time":"2024-07-30T11:47:34+00:00","og_image":[{"width":640,"height":303,"url":"https:\/\/www.citycars.gr\/wp-content\/uploads\/2021\/03\/logo-landscape.png","type":"image\/png"}],"twitter_card":"summary_large_image","twitter_site":"@CityCarSalonika","twitter_misc":{"Dur\u00e9e de lecture estim\u00e9e":"1 minute"},"schema":{"@context":"https:\/\/schema.org","@graph":[{"@type":"WebPage","@id":"https:\/\/www.citycars.gr\/fr\/oth-flotte-de-voitures-de-ville\/","url":"https:\/\/www.citycars.gr\/fr\/oth-flotte-de-voitures-de-ville\/","name":"Location de voitures City Car Rental Thessalonique","isPartOf":{"@id":"https:\/\/citycars.globaltouchdev.eu\/#website"},"datePublished":"2024-07-04T10:43:58+00:00","dateModified":"2024-07-30T11:47:34+00:00","description":"D\u00e9couvrez la flotte diversifi\u00e9e de City Car Rental et d\u00e9couvrez ce que signifie l'option \u00ab ou similaire \u00bb pour la location parfaite.","breadcrumb":{"@id":"https:\/\/www.citycars.gr\/fr\/oth-flotte-de-voitures-de-ville\/#breadcrumb"},"inLanguage":"fr-FR","potentialAction":[{"@type":"ReadAction","target":["https:\/\/www.citycars.gr\/fr\/oth-flotte-de-voitures-de-ville\/"]}]},{"@type":"BreadcrumbList","@id":"https:\/\/www.citycars.gr\/fr\/oth-flotte-de-voitures-de-ville\/#breadcrumb","itemListElement":[{"@type":"ListItem","position":1,"name":"Original","item":"https:\/\/www.citycars.gr\/fr\/location-de-voitures-thessalonique-city-car-rental\/"},{"@type":"ListItem","position":2,"name":"OTH &#8211; Flotte de voitures de ville"}]},{"@type":"WebSite","@id":"https:\/\/citycars.globaltouchdev.eu\/#website","url":"https:\/\/citycars.globaltouchdev.eu\/","name":"\u0395\u03bd\u03bf\u03b9\u03ba\u03b9\u03ac\u03c3\u03b5\u03b9\u03c2 \u0391\u03c5\u03c4\u03bf\u03ba\u03b9\u03bd\u03ae\u03c4\u03c9\u03bd \u0398\u03b5\u03c3\u03c3\u03b1\u03bb\u03bf\u03bd\u03af\u03ba\u03b7 | Rent a Car Thessaloniki | City Car Rental","description":"Rent a Car Airport Thessaloniki Greece","publisher":{"@id":"https:\/\/citycars.globaltouchdev.eu\/#organization"},"alternateName":"Auto Mieten Thessaloniki Flughafen","potentialAction":[{"@type":"SearchAction","target":{"@type":"EntryPoint","urlTemplate":"https:\/\/citycars.globaltouchdev.eu\/?s={search_term_string}"},"query-input":{"@type":"PropertyValueSpecification","valueRequired":true,"valueName":"search_term_string"}}],"inLanguage":"fr-FR"},{"@type":["Organization","Place","AutoRental"],"@id":"https:\/\/citycars.globaltouchdev.eu\/#organization","name":"City Car Rental Thessaloniki | Services de location de voitures","alternateName":"Location de voiture \u00e0 l'a\u00e9roport de Thessalonique Gr\u00e8ce | City Car Rental","url":"https:\/\/citycars.globaltouchdev.eu\/","logo":{"@id":"https:\/\/www.citycars.gr\/fr\/oth-flotte-de-voitures-de-ville\/#local-main-organization-logo"},"image":{"@id":"https:\/\/www.citycars.gr\/fr\/oth-flotte-de-voitures-de-ville\/#local-main-organization-logo"},"sameAs":["https:\/\/www.facebook.com\/CityCarRentalThessaloniki","https:\/\/x.com\/CityCarSalonika","https:\/\/mastodon.social\/@Citycars","https:\/\/www.instagram.com\/city_car_rental_thess\/","https:\/\/www.youtube.com\/watch?v=Duixnt_tgZ8&ab_channel=AlexandrosTsapournias","https:\/\/www.tripadvisor.com\/Attraction_Review-g189473-d23048607-Reviews-City_Car_Rental-Thessaloniki_Thessaloniki_Region_Central_Macedonia.html","https:\/\/www.tiktok.com\/@citycarrentalthess"],"description":"Soci\u00e9t\u00e9 de location de voitures \u00e0 Thessalonique Gr\u00e8ce","foundingDate":"2013-11-13","numberOfEmployees":{"@type":"QuantitativeValue","minValue":"1","maxValue":"10"},"ownershipFundingInfo":"https:\/\/www.citycars.gr\/official-profile\/","correctionsPolicy":"https:\/\/www.citycars.gr\/%cf%8c%cf%81%ce%bf%ce%b9-%ce%ba%ce%b1%ce%b9-%cf%80%cf%81%ce%bf%cf%8b%cf%80%ce%bf%ce%b8%ce%ad%cf%83%ce%b5%ce%b9%cf%82\/","ethicsPolicy":"https:\/\/www.citycars.gr\/%cf%80%ce%bf%ce%bb%ce%b9%cf%84%ce%b9%ce%ba%ce%ae-%ce%b1%cf%80%ce%bf%cf%81%cf%81%ce%ae%cf%84%ce%bf%cf%85\/","address":{"@id":"https:\/\/www.citycars.gr\/fr\/oth-flotte-de-voitures-de-ville\/#local-main-place-address"},"geo":{"@type":"GeoCoordinates","latitude":"40.622507912187565","longitude":"22.962557982461128"},"telephone":["+302310202029","+306939818182"],"contactPoint":{"@type":"ContactPoint","telephone":"+302310202029","email":"info@citycars.gr"},"openingHoursSpecification":{"@type":"OpeningHoursSpecification","dayOfWeek":["Monday","Tuesday","Wednesday","Thursday","Friday","Saturday","Sunday"],"opens":"00:00","closes":"23:59"},"email":"rentacar@citycars.gr","vatID":"EL801704863","priceRange":"$$"},{"@type":"PostalAddress","@id":"https:\/\/www.citycars.gr\/fr\/oth-flotte-de-voitures-de-ville\/#local-main-place-address","streetAddress":"\u0394\u03bf\u03b9\u03c1\u03b1\u03bd\u03b7\u03c2 38","addressLocality":"\u0398\u03b5\u03c3\u03c3\u03b1\u03bb\u03bf\u03bd\u03b9\u03ba\u03b7","postalCode":"54638","addressRegion":"\u0398\u03b5\u03c3\u03c3\u03b1\u03bb\u03bf\u03bd\u03b9\u03ba\u03b7\u03c2","addressCountry":"GR"},{"@type":"ImageObject","inLanguage":"fr-FR","@id":"https:\/\/www.citycars.gr\/fr\/oth-flotte-de-voitures-de-ville\/#local-main-organization-logo","url":"https:\/\/www.citycars.gr\/wp-content\/uploads\/2024\/03\/symbol.png","contentUrl":"https:\/\/www.citycars.gr\/wp-content\/uploads\/2024\/03\/symbol.png","width":1200,"height":1200,"caption":"City Car Rental Thessaloniki | Services de location de voitures"}]},"geo.placename":"\u0398\u03b5\u03c3\u03c3\u03b1\u03bb\u03bf\u03bd\u03b9\u03ba\u03b7","geo.position":{"lat":"40.622507912187565","long":"22.962557982461128"},"geo.region":"Gr\u00e8ce"},"_links":{"self":[{"href":"https:\/\/www.citycars.gr\/fr\/wp-json\/wp\/v2\/pages\/2984","targetHints":{"allow":["GET"]}}],"collection":[{"href":"https:\/\/www.citycars.gr\/fr\/wp-json\/wp\/v2\/pages"}],"about":[{"href":"https:\/\/www.citycars.gr\/fr\/wp-json\/wp\/v2\/types\/page"}],"author":[{"embeddable":true,"href":"https:\/\/www.citycars.gr\/fr\/wp-json\/wp\/v2\/users\/1"}],"replies":[{"embeddable":true,"href":"https:\/\/www.citycars.gr\/fr\/wp-json\/wp\/v2\/comments?post=2984"}],"version-history":[{"count":1,"href":"https:\/\/www.citycars.gr\/fr\/wp-json\/wp\/v2\/pages\/2984\/revisions"}],"predecessor-version":[{"id":2985,"href":"https:\/\/www.citycars.gr\/fr\/wp-json\/wp\/v2\/pages\/2984\/revisions\/2985"}],"wp:attachment":[{"href":"https:\/\/www.citycars.gr\/fr\/wp-json\/wp\/v2\/media?parent=2984"}],"curies":[{"name":"wp","href":"https:\/\/api.w.org\/{rel}","templated":true}]}}