{"id":5396,"date":"2026-04-07T02:53:35","date_gmt":"2026-04-06T23:53:35","guid":{"rendered":"https:\/\/www.citycars.gr\/autovermietung-thessaloniki-flughafen-skg\/"},"modified":"2026-04-10T00:48:34","modified_gmt":"2026-04-09T21:48:34","slug":"autovermietung-thessaloniki-flughafen-skg","status":"publish","type":"page","link":"https:\/\/www.citycars.gr\/de\/autovermietung-thessaloniki-flughafen-skg\/","title":{"rendered":"Autovermietung Thessaloniki Flughafen (SKG)"},"content":{"rendered":"<h1><strong>Autovermietung Thessaloniki Flughafen (SKG)<\/strong><\/h1>\n<p>&nbsp;<\/p>\n<p>Sie kommen in Thessaloniki an und suchen nach der besten L\u00f6sung f\u00fcr Ihre Reise? <strong>Ein Auto am Flughafen Thessaloniki zu mieten<\/strong> ist die praktischste Option f\u00fcr jeden Reisenden. Unter <a href=\"http:\/\/www.citycars.gr\/de\/\"><strong>City Autovermietung<\/strong><\/a>bieten wir Ihnen einen sofortigen Service ab dem Moment Ihrer Landung.<\/p>\n<p><b>Zun\u00e4chst einmal<\/b> befindet sich unser Hauptsitz nur wenige Gehminuten vom Flughafen &#8222;Macedonia&#8220; entfernt. <strong>Daher<\/strong> erfolgt die Auslieferung des Fahrzeugs sehr schnell, ohne dass Sie lange Schlangen in Kauf nehmen m\u00fcssen. Au\u00dferdem steht unser Team rund um die Uhr zur Verf\u00fcgung, um Ihre W\u00fcnsche zu erf\u00fcllen.<\/p>\n<p><strong>Warum sollten Sie sich f\u00fcr City Car Rental am Flughafen entscheiden?<\/strong><\/p>\n<p>Es gibt viele Gr\u00fcnde, unserem Unternehmen zu vertrauen. Zun\u00e4chst einmal sind unsere Preise v\u00f6llig transparent. Aus diesem Grund werden Sie in Ihrem Vertrag niemals versteckte Geb\u00fchren oder zus\u00e4tzliche Kosten finden.<\/p>\n<p>Dar\u00fcber hinaus ist der Prozess der <strong>Autovermietung am Flughafen Thessaloniki<\/strong> \u00e4u\u00dferst einfach. Sobald Sie Ihre Online-Buchung abgeschlossen haben, k\u00fcmmern wir uns um alles Weitere. So sparen Sie Zeit und k\u00f6nnen Ihre Stadtbesichtigung oder Ihren Urlaub auf der Chalkidiki sofort beginnen.<\/p>\n<h2><strong>Erkunden Sie Nordgriechenland ganz bequem<\/strong><\/h2>\n<p>Au\u00dferdem verf\u00fcgen wir \u00fcber einen modernen Fuhrpark, der allen Anforderungen gerecht wird. Ganz gleich, ob Sie einen sparsamen Stadtflitzer oder einen ger\u00e4umigen SUV ben\u00f6tigen, wir haben die L\u00f6sung f\u00fcr Sie. <strong>Au\u00dferdem<\/strong> bieten wir Ihnen einen 24-Stunden-Pannenhilfe-Service, damit Sie sich auf der Stra\u00dfe immer sicher f\u00fchlen.<\/p>\n<p>Wenn Sie also eine zuverl\u00e4ssige <strong>Autovermietung am Flughafen Thessaloniki<\/strong> suchen, ist <strong>City Car Rental<\/strong> Ihr idealer Partner.<\/p>\n<p><a href=\"https:\/\/www.citycars.gr\/de\/oth-flotte-city-car\/\">Sehen Sie hier unsere Flotte<\/a> und reservieren Sie noch heute!<\/p>\n<p><em>Wenn Sie auf der Suche nach einer Autovermietung am Flughafen Thessaloniki sind, ist City Car Rental Ihre beste Wahl. <\/em><\/p>\n<p>&nbsp;<\/p>\n","protected":false},"excerpt":{"rendered":"<p>Autovermietung Thessaloniki Flughafen (SKG) &nbsp; Sie kommen in Thessaloniki an und suchen nach der besten L\u00f6sung f\u00fcr Ihre Reise? Ein Auto am Flughafen Thessaloniki zu mieten ist die praktischste Option f\u00fcr jeden Reisenden. Unter City Autovermietungbieten wir Ihnen einen sofortigen Service ab dem Moment Ihrer Landung. Zun\u00e4chst einmal befindet sich unser Hauptsitz nur wenige Gehminuten [&hellip;]<\/p>\n","protected":false},"author":4,"featured_media":0,"parent":0,"menu_order":0,"comment_status":"closed","ping_status":"closed","template":"","meta":{"footnotes":""},"class_list":["post-5396","page","type-page","status-publish","hentry"],"yoast_head":"<!-- This site is optimized with the Yoast SEO Premium plugin v27.4 (Yoast SEO v27.4) - https:\/\/yoast.com\/product\/yoast-seo-premium-wordpress\/ -->\n<title>Autovermietung Thessaloniki Flughafen SKG | City Car Rental<\/title>\n<meta name=\"description\" content=\"Sofortige Abholung und Zustellung von Fahrzeugen am Flughafen Thessaloniki (SKG) durch City Car Rental. Keine versteckten Kosten, mit 24-Stunden-Support. Buchen Sie online!\" \/>\n<meta name=\"robots\" content=\"index, follow, max-snippet:-1, max-image-preview:large, max-video-preview:-1\" \/>\n<link rel=\"canonical\" href=\"https:\/\/www.citycars.gr\/de\/autovermietung-thessaloniki-flughafen-skg\/\" \/>\n<meta property=\"og:locale\" content=\"de_DE\" \/>\n<meta property=\"og:type\" content=\"article\" \/>\n<meta property=\"og:title\" content=\"City Car Rental Thessaloniki Greece\" \/>\n<meta property=\"og:description\" content=\"Sofortige Abholung und Zustellung von Fahrzeugen am Flughafen Thessaloniki (SKG) durch City Car Rental. Keine versteckten Kosten, mit 24-Stunden-Support. Buchen Sie online!\" \/>\n<meta property=\"og:url\" content=\"https:\/\/www.citycars.gr\/de\/autovermietung-thessaloniki-flughafen-skg\/\" \/>\n<meta property=\"og:site_name\" content=\"City Car Rental\" \/>\n<meta property=\"article:publisher\" content=\"https:\/\/www.facebook.com\/CityCarRentalThessaloniki\" \/>\n<meta property=\"article:modified_time\" content=\"2026-04-09T21:48:34+00:00\" \/>\n<meta property=\"og:image\" content=\"https:\/\/www.citycars.gr\/wp-content\/uploads\/2021\/03\/logo-landscape.png\" \/>\n\t<meta property=\"og:image:width\" content=\"640\" \/>\n\t<meta property=\"og:image:height\" content=\"303\" \/>\n\t<meta property=\"og:image:type\" content=\"image\/png\" \/>\n<meta name=\"twitter:card\" content=\"summary_large_image\" \/>\n<meta name=\"twitter:site\" content=\"@CityCarSalonika\" \/>\n<meta name=\"twitter:label1\" content=\"Gesch\u00e4tzte Lesezeit\" \/>\n\t<meta name=\"twitter:data1\" content=\"2\u00a0Minuten\" \/>\n<script type=\"application\/ld+json\" class=\"yoast-schema-graph\">{\"@context\":\"https:\\\/\\\/schema.org\",\"@graph\":[{\"@type\":\"WebPage\",\"@id\":\"https:\\\/\\\/www.citycars.gr\\\/de\\\/autovermietung-thessaloniki-flughafen-skg\\\/\",\"url\":\"https:\\\/\\\/www.citycars.gr\\\/de\\\/autovermietung-thessaloniki-flughafen-skg\\\/\",\"name\":\"Autovermietung Thessaloniki Flughafen SKG | City Car Rental\",\"isPartOf\":{\"@id\":\"https:\\\/\\\/citycars.globaltouchdev.eu\\\/#website\"},\"datePublished\":\"2026-04-06T23:53:35+00:00\",\"dateModified\":\"2026-04-09T21:48:34+00:00\",\"description\":\"Sofortige Abholung und Zustellung von Fahrzeugen am Flughafen Thessaloniki (SKG) durch City Car Rental. Keine versteckten Kosten, mit 24-Stunden-Support. Buchen Sie online!\",\"breadcrumb\":{\"@id\":\"https:\\\/\\\/www.citycars.gr\\\/de\\\/autovermietung-thessaloniki-flughafen-skg\\\/#breadcrumb\"},\"inLanguage\":\"de\",\"potentialAction\":[{\"@type\":\"ReadAction\",\"target\":[\"https:\\\/\\\/www.citycars.gr\\\/de\\\/autovermietung-thessaloniki-flughafen-skg\\\/\"]}]},{\"@type\":\"BreadcrumbList\",\"@id\":\"https:\\\/\\\/www.citycars.gr\\\/de\\\/autovermietung-thessaloniki-flughafen-skg\\\/#breadcrumb\",\"itemListElement\":[{\"@type\":\"ListItem\",\"position\":1,\"name\":\"Original\",\"item\":\"https:\\\/\\\/www.citycars.gr\\\/de\\\/\"},{\"@type\":\"ListItem\",\"position\":2,\"name\":\"Autovermietung Thessaloniki Flughafen (SKG)\"}]},{\"@type\":\"WebSite\",\"@id\":\"https:\\\/\\\/citycars.globaltouchdev.eu\\\/#website\",\"url\":\"https:\\\/\\\/citycars.globaltouchdev.eu\\\/\",\"name\":\"\u0395\u03bd\u03bf\u03b9\u03ba\u03b9\u03ac\u03c3\u03b5\u03b9\u03c2 \u0391\u03c5\u03c4\u03bf\u03ba\u03b9\u03bd\u03ae\u03c4\u03c9\u03bd \u0398\u03b5\u03c3\u03c3\u03b1\u03bb\u03bf\u03bd\u03af\u03ba\u03b7 | Rent a Car Thessaloniki | City Car Rental\",\"description\":\"Rent a Car Airport Thessaloniki Greece\",\"publisher\":{\"@id\":\"https:\\\/\\\/citycars.globaltouchdev.eu\\\/#organization\"},\"alternateName\":\"Auto Mieten Thessaloniki Flughafen\",\"potentialAction\":[{\"@type\":\"SearchAction\",\"target\":{\"@type\":\"EntryPoint\",\"urlTemplate\":\"https:\\\/\\\/citycars.globaltouchdev.eu\\\/?s={search_term_string}\"},\"query-input\":{\"@type\":\"PropertyValueSpecification\",\"valueRequired\":true,\"valueName\":\"search_term_string\"}}],\"inLanguage\":\"de\"},{\"@type\":[\"Organization\",\"Place\",\"AutoRental\"],\"@id\":\"https:\\\/\\\/citycars.globaltouchdev.eu\\\/#organization\",\"name\":\"City Car Rental Thessaloniki | Autovermietung\",\"alternateName\":\"Autovermietung Flughafen Thessaloniki Griechenland | City Car Rental\",\"url\":\"https:\\\/\\\/citycars.globaltouchdev.eu\\\/\",\"logo\":{\"@id\":\"https:\\\/\\\/www.citycars.gr\\\/de\\\/autovermietung-thessaloniki-flughafen-skg\\\/#local-main-organization-logo\"},\"image\":{\"@id\":\"https:\\\/\\\/www.citycars.gr\\\/de\\\/autovermietung-thessaloniki-flughafen-skg\\\/#local-main-organization-logo\"},\"sameAs\":[\"https:\\\/\\\/www.facebook.com\\\/CityCarRentalThessaloniki\",\"https:\\\/\\\/x.com\\\/CityCarSalonika\",\"https:\\\/\\\/mastodon.social\\\/@Citycars\",\"https:\\\/\\\/www.instagram.com\\\/city_car_rental_thess\\\/\",\"https:\\\/\\\/www.youtube.com\\\/watch?v=Duixnt_tgZ8&ab_channel=AlexandrosTsapournias\",\"https:\\\/\\\/www.tripadvisor.com\\\/Attraction_Review-g189473-d23048607-Reviews-City_Car_Rental-Thessaloniki_Thessaloniki_Region_Central_Macedonia.html\",\"https:\\\/\\\/www.tiktok.com\\\/@citycarrentalthess\"],\"description\":\"Autovermietung in Thessaloniki Griechenland\",\"foundingDate\":\"2013-11-13\",\"numberOfEmployees\":{\"@type\":\"QuantitativeValue\",\"minValue\":\"1\",\"maxValue\":\"10\"},\"ownershipFundingInfo\":\"https:\\\/\\\/www.citycars.gr\\\/official-profile\\\/\",\"correctionsPolicy\":\"https:\\\/\\\/www.citycars.gr\\\/%cf%8c%cf%81%ce%bf%ce%b9-%ce%ba%ce%b1%ce%b9-%cf%80%cf%81%ce%bf%cf%8b%cf%80%ce%bf%ce%b8%ce%ad%cf%83%ce%b5%ce%b9%cf%82\\\/\",\"ethicsPolicy\":\"https:\\\/\\\/www.citycars.gr\\\/%cf%80%ce%bf%ce%bb%ce%b9%cf%84%ce%b9%ce%ba%ce%ae-%ce%b1%cf%80%ce%bf%cf%81%cf%81%ce%ae%cf%84%ce%bf%cf%85\\\/\",\"address\":{\"@id\":\"https:\\\/\\\/www.citycars.gr\\\/de\\\/autovermietung-thessaloniki-flughafen-skg\\\/#local-main-place-address\"},\"geo\":{\"@type\":\"GeoCoordinates\",\"latitude\":\"40.622507912187565\",\"longitude\":\"22.962557982461128\"},\"telephone\":[\"+302310202029\",\"+306939818182\"],\"contactPoint\":{\"@type\":\"ContactPoint\",\"telephone\":\"+302310202029\",\"email\":\"info@citycars.gr\"},\"openingHoursSpecification\":{\"@type\":\"OpeningHoursSpecification\",\"dayOfWeek\":[\"Monday\",\"Tuesday\",\"Wednesday\",\"Thursday\",\"Friday\",\"Saturday\",\"Sunday\"],\"opens\":\"00:00\",\"closes\":\"23:59\"},\"email\":\"rentacar@citycars.gr\",\"vatID\":\"EL801704863\",\"priceRange\":\"$$\"},{\"@type\":\"PostalAddress\",\"@id\":\"https:\\\/\\\/www.citycars.gr\\\/de\\\/autovermietung-thessaloniki-flughafen-skg\\\/#local-main-place-address\",\"streetAddress\":\"\u0394\u03bf\u03b9\u03c1\u03b1\u03bd\u03b7\u03c2 38\",\"addressLocality\":\"\u0398\u03b5\u03c3\u03c3\u03b1\u03bb\u03bf\u03bd\u03b9\u03ba\u03b7\",\"postalCode\":\"54638\",\"addressRegion\":\"\u0398\u03b5\u03c3\u03c3\u03b1\u03bb\u03bf\u03bd\u03b9\u03ba\u03b7\u03c2\",\"addressCountry\":\"GR\"},{\"@type\":\"ImageObject\",\"inLanguage\":\"de\",\"@id\":\"https:\\\/\\\/www.citycars.gr\\\/de\\\/autovermietung-thessaloniki-flughafen-skg\\\/#local-main-organization-logo\",\"url\":\"https:\\\/\\\/www.citycars.gr\\\/wp-content\\\/uploads\\\/2024\\\/03\\\/symbol.png\",\"contentUrl\":\"https:\\\/\\\/www.citycars.gr\\\/wp-content\\\/uploads\\\/2024\\\/03\\\/symbol.png\",\"width\":1200,\"height\":1200,\"caption\":\"City Car Rental Thessaloniki | Autovermietung\"}]}<\/script>\n<meta name=\"geo.placename\" content=\"\u0398\u03b5\u03c3\u03c3\u03b1\u03bb\u03bf\u03bd\u03b9\u03ba\u03b7\" \/>\n<meta name=\"geo.position\" content=\"40.622507912187565;22.962557982461128\" \/>\n<meta name=\"geo.region\" content=\"Griechenland\" \/>\n<!-- \/ Yoast SEO Premium plugin. -->","yoast_head_json":{"title":"Autovermietung Thessaloniki Flughafen SKG | City Car Rental","description":"Sofortige Abholung und Zustellung von Fahrzeugen am Flughafen Thessaloniki (SKG) durch City Car Rental. Keine versteckten Kosten, mit 24-Stunden-Support. Buchen Sie online!","robots":{"index":"index","follow":"follow","max-snippet":"max-snippet:-1","max-image-preview":"max-image-preview:large","max-video-preview":"max-video-preview:-1"},"canonical":"https:\/\/www.citycars.gr\/de\/autovermietung-thessaloniki-flughafen-skg\/","og_locale":"de_DE","og_type":"article","og_title":"City Car Rental Thessaloniki Greece","og_description":"Sofortige Abholung und Zustellung von Fahrzeugen am Flughafen Thessaloniki (SKG) durch City Car Rental. Keine versteckten Kosten, mit 24-Stunden-Support. Buchen Sie online!","og_url":"https:\/\/www.citycars.gr\/de\/autovermietung-thessaloniki-flughafen-skg\/","og_site_name":"City Car Rental","article_publisher":"https:\/\/www.facebook.com\/CityCarRentalThessaloniki","article_modified_time":"2026-04-09T21:48:34+00:00","og_image":[{"width":640,"height":303,"url":"https:\/\/www.citycars.gr\/wp-content\/uploads\/2021\/03\/logo-landscape.png","type":"image\/png"}],"twitter_card":"summary_large_image","twitter_site":"@CityCarSalonika","twitter_misc":{"Gesch\u00e4tzte Lesezeit":"2\u00a0Minuten"},"schema":{"@context":"https:\/\/schema.org","@graph":[{"@type":"WebPage","@id":"https:\/\/www.citycars.gr\/de\/autovermietung-thessaloniki-flughafen-skg\/","url":"https:\/\/www.citycars.gr\/de\/autovermietung-thessaloniki-flughafen-skg\/","name":"Autovermietung Thessaloniki Flughafen SKG | City Car Rental","isPartOf":{"@id":"https:\/\/citycars.globaltouchdev.eu\/#website"},"datePublished":"2026-04-06T23:53:35+00:00","dateModified":"2026-04-09T21:48:34+00:00","description":"Sofortige Abholung und Zustellung von Fahrzeugen am Flughafen Thessaloniki (SKG) durch City Car Rental. Keine versteckten Kosten, mit 24-Stunden-Support. Buchen Sie online!","breadcrumb":{"@id":"https:\/\/www.citycars.gr\/de\/autovermietung-thessaloniki-flughafen-skg\/#breadcrumb"},"inLanguage":"de","potentialAction":[{"@type":"ReadAction","target":["https:\/\/www.citycars.gr\/de\/autovermietung-thessaloniki-flughafen-skg\/"]}]},{"@type":"BreadcrumbList","@id":"https:\/\/www.citycars.gr\/de\/autovermietung-thessaloniki-flughafen-skg\/#breadcrumb","itemListElement":[{"@type":"ListItem","position":1,"name":"Original","item":"https:\/\/www.citycars.gr\/de\/"},{"@type":"ListItem","position":2,"name":"Autovermietung Thessaloniki Flughafen (SKG)"}]},{"@type":"WebSite","@id":"https:\/\/citycars.globaltouchdev.eu\/#website","url":"https:\/\/citycars.globaltouchdev.eu\/","name":"\u0395\u03bd\u03bf\u03b9\u03ba\u03b9\u03ac\u03c3\u03b5\u03b9\u03c2 \u0391\u03c5\u03c4\u03bf\u03ba\u03b9\u03bd\u03ae\u03c4\u03c9\u03bd \u0398\u03b5\u03c3\u03c3\u03b1\u03bb\u03bf\u03bd\u03af\u03ba\u03b7 | Rent a Car Thessaloniki | City Car Rental","description":"Rent a Car Airport Thessaloniki Greece","publisher":{"@id":"https:\/\/citycars.globaltouchdev.eu\/#organization"},"alternateName":"Auto Mieten Thessaloniki Flughafen","potentialAction":[{"@type":"SearchAction","target":{"@type":"EntryPoint","urlTemplate":"https:\/\/citycars.globaltouchdev.eu\/?s={search_term_string}"},"query-input":{"@type":"PropertyValueSpecification","valueRequired":true,"valueName":"search_term_string"}}],"inLanguage":"de"},{"@type":["Organization","Place","AutoRental"],"@id":"https:\/\/citycars.globaltouchdev.eu\/#organization","name":"City Car Rental Thessaloniki | Autovermietung","alternateName":"Autovermietung Flughafen Thessaloniki Griechenland | City Car Rental","url":"https:\/\/citycars.globaltouchdev.eu\/","logo":{"@id":"https:\/\/www.citycars.gr\/de\/autovermietung-thessaloniki-flughafen-skg\/#local-main-organization-logo"},"image":{"@id":"https:\/\/www.citycars.gr\/de\/autovermietung-thessaloniki-flughafen-skg\/#local-main-organization-logo"},"sameAs":["https:\/\/www.facebook.com\/CityCarRentalThessaloniki","https:\/\/x.com\/CityCarSalonika","https:\/\/mastodon.social\/@Citycars","https:\/\/www.instagram.com\/city_car_rental_thess\/","https:\/\/www.youtube.com\/watch?v=Duixnt_tgZ8&ab_channel=AlexandrosTsapournias","https:\/\/www.tripadvisor.com\/Attraction_Review-g189473-d23048607-Reviews-City_Car_Rental-Thessaloniki_Thessaloniki_Region_Central_Macedonia.html","https:\/\/www.tiktok.com\/@citycarrentalthess"],"description":"Autovermietung in Thessaloniki Griechenland","foundingDate":"2013-11-13","numberOfEmployees":{"@type":"QuantitativeValue","minValue":"1","maxValue":"10"},"ownershipFundingInfo":"https:\/\/www.citycars.gr\/official-profile\/","correctionsPolicy":"https:\/\/www.citycars.gr\/%cf%8c%cf%81%ce%bf%ce%b9-%ce%ba%ce%b1%ce%b9-%cf%80%cf%81%ce%bf%cf%8b%cf%80%ce%bf%ce%b8%ce%ad%cf%83%ce%b5%ce%b9%cf%82\/","ethicsPolicy":"https:\/\/www.citycars.gr\/%cf%80%ce%bf%ce%bb%ce%b9%cf%84%ce%b9%ce%ba%ce%ae-%ce%b1%cf%80%ce%bf%cf%81%cf%81%ce%ae%cf%84%ce%bf%cf%85\/","address":{"@id":"https:\/\/www.citycars.gr\/de\/autovermietung-thessaloniki-flughafen-skg\/#local-main-place-address"},"geo":{"@type":"GeoCoordinates","latitude":"40.622507912187565","longitude":"22.962557982461128"},"telephone":["+302310202029","+306939818182"],"contactPoint":{"@type":"ContactPoint","telephone":"+302310202029","email":"info@citycars.gr"},"openingHoursSpecification":{"@type":"OpeningHoursSpecification","dayOfWeek":["Monday","Tuesday","Wednesday","Thursday","Friday","Saturday","Sunday"],"opens":"00:00","closes":"23:59"},"email":"rentacar@citycars.gr","vatID":"EL801704863","priceRange":"$$"},{"@type":"PostalAddress","@id":"https:\/\/www.citycars.gr\/de\/autovermietung-thessaloniki-flughafen-skg\/#local-main-place-address","streetAddress":"\u0394\u03bf\u03b9\u03c1\u03b1\u03bd\u03b7\u03c2 38","addressLocality":"\u0398\u03b5\u03c3\u03c3\u03b1\u03bb\u03bf\u03bd\u03b9\u03ba\u03b7","postalCode":"54638","addressRegion":"\u0398\u03b5\u03c3\u03c3\u03b1\u03bb\u03bf\u03bd\u03b9\u03ba\u03b7\u03c2","addressCountry":"GR"},{"@type":"ImageObject","inLanguage":"de","@id":"https:\/\/www.citycars.gr\/de\/autovermietung-thessaloniki-flughafen-skg\/#local-main-organization-logo","url":"https:\/\/www.citycars.gr\/wp-content\/uploads\/2024\/03\/symbol.png","contentUrl":"https:\/\/www.citycars.gr\/wp-content\/uploads\/2024\/03\/symbol.png","width":1200,"height":1200,"caption":"City Car Rental Thessaloniki | Autovermietung"}]},"geo.placename":"\u0398\u03b5\u03c3\u03c3\u03b1\u03bb\u03bf\u03bd\u03b9\u03ba\u03b7","geo.position":{"lat":"40.622507912187565","long":"22.962557982461128"},"geo.region":"Griechenland"},"_links":{"self":[{"href":"https:\/\/www.citycars.gr\/de\/wp-json\/wp\/v2\/pages\/5396","targetHints":{"allow":["GET"]}}],"collection":[{"href":"https:\/\/www.citycars.gr\/de\/wp-json\/wp\/v2\/pages"}],"about":[{"href":"https:\/\/www.citycars.gr\/de\/wp-json\/wp\/v2\/types\/page"}],"author":[{"embeddable":true,"href":"https:\/\/www.citycars.gr\/de\/wp-json\/wp\/v2\/users\/4"}],"replies":[{"embeddable":true,"href":"https:\/\/www.citycars.gr\/de\/wp-json\/wp\/v2\/comments?post=5396"}],"version-history":[{"count":2,"href":"https:\/\/www.citycars.gr\/de\/wp-json\/wp\/v2\/pages\/5396\/revisions"}],"predecessor-version":[{"id":5851,"href":"https:\/\/www.citycars.gr\/de\/wp-json\/wp\/v2\/pages\/5396\/revisions\/5851"}],"wp:attachment":[{"href":"https:\/\/www.citycars.gr\/de\/wp-json\/wp\/v2\/media?parent=5396"}],"curies":[{"name":"wp","href":"https:\/\/api.w.org\/{rel}","templated":true}]}}