{"id":5292,"date":"2026-04-06T00:04:34","date_gmt":"2026-04-05T21:04:34","guid":{"rendered":"https:\/\/www.citycars.gr\/oth-stadtautoflotte\/mieten-sie-einen-skoda-fabia-in-thessaloniki-city-car-rental\/"},"modified":"2026-04-06T00:04:34","modified_gmt":"2026-04-05T21:04:34","slug":"mieten-sie-einen-skoda-fabia-in-thessaloniki-city-car-rental","status":"publish","type":"page","link":"https:\/\/www.citycars.gr\/de\/oth-stadtautoflotte\/mieten-sie-einen-skoda-fabia-in-thessaloniki-city-car-rental\/","title":{"rendered":"Mieten Sie einen Skoda Fabia in Thessaloniki | City Car Rental"},"content":{"rendered":"<h1><strong>Mieten Sie einen Skoda Fabia in Thessaloniki | City Car Rental<\/strong><\/h1>\n<p data-path-to-node=\"7,0\">Sie suchen ein Auto, das elegantes Design mit erstklassigem Platzangebot kombiniert? Die <b data-path-to-node=\"7,0\" data-index-in-node=\"88\">Skoda Fabia Vermietung in Thessaloniki<\/b> ist die ideale L\u00f6sung f\u00fcr Ihre Familienreisen. Der Skoda Fabia (Gruppe C) zeichnet sich durch seine Praktikabilit\u00e4t und die europ\u00e4ische Bauqualit\u00e4t aus, die er jedem Fahrer bietet. Daher ist Ihnen eine komfortable und sichere Fahrt zu jedem Ziel in Nordgriechenland garantiert.   <\/p>\n<p data-path-to-node=\"7,0\"><img fetchpriority=\"high\" decoding=\"async\" class=\"alignnone size-full wp-image-5290\" src=\"https:\/\/www.citycars.gr\/wp-content\/uploads\/2026\/04\/%CF%86%CE%B1%CE%B2%CE%B9%CE%B1.jpeg\" alt=\"skoda fabia vermietung thessaloniki\" width=\"324\" height=\"156\"><\/p>\n<p data-path-to-node=\"7,0\">\n<p data-path-to-node=\"7,1\">Bei <b data-path-to-node=\"7,1\" data-index-in-node=\"4\">City Car Rental<\/b> halten wir jeden Skoda Fabia in einem hervorragenden mechanischen Zustand. Dar\u00fcber hinaus ist unsere Flotte mit modernsten Sicherheitssystemen ausgestattet, um Sie und Ihre Lieben zu sch\u00fctzen. Holen Sie Ihr Fahrzeug direkt vom <b data-path-to-node=\"7,1\" data-index-in-node=\"236\"><a class=\"ng-star-inserted\" href=\"https:\/\/www.skg-airport.gr\/el\" target=\"_blank\" rel=\"noopener\" data-hveid=\"0\" data-ved=\"0CAAQ_4QMahgKEwiFlJLtvNeTAxUAAAAAHQAAAAAQogQ\">Flughafen Thessaloniki (SKG)<\/a><\/b> und beginnen Sie Ihren Urlaub ohne unn\u00f6tige Verz\u00f6gerungen. Die Stabilit\u00e4t des Fabia auf der Autobahn garantiert Ihnen ein entspanntes Fahrerlebnis.   <\/p>\n<p data-path-to-node=\"7,2\"><b data-path-to-node=\"7,2\" data-index-in-node=\"0\">Warum sollten Sie einen Skoda Fabia in Thessaloniki mieten?<\/b><\/p>\n<ul data-path-to-node=\"7,3\">\n<li>\n<p data-path-to-node=\"7,3,0,0\"><b data-path-to-node=\"7,3,0,0\" data-index-in-node=\"0\">Intelligente R\u00e4ume:<\/b> Genie\u00dfen Sie einen Innenraum mit viel Stauraum f\u00fcr all Ihr Gep\u00e4ck.<\/p>\n<\/li>\n<li>\n<p data-path-to-node=\"7,3,1,0\"><b data-path-to-node=\"7,3,1,0\" data-index-in-node=\"0\">Wirtschaftlichkeit:<\/b> Sein Motor bietet hohe Leistung bei extrem niedrigem Kraftstoffverbrauch.<\/p>\n<\/li>\n<li>\n<p data-path-to-node=\"7,3,2,0\"><b data-path-to-node=\"7,3,2,0\" data-index-in-node=\"0\">Bequemes Fahren:<\/b> Benutzen Sie f\u00fcr jede Fahrt ein Auto mit leichter Lenkung und ausgezeichneter Sicht.<\/p>\n<\/li>\n<\/ul>\n<p data-path-to-node=\"7,4\">Der Skoda Fabia beweist, dass Praktikabilit\u00e4t Ihre Reise bereichert. Au\u00dferdem bietet unser Unternehmen einen 24\/7-Support, damit Sie sich mit jedem Kilometer sicher f\u00fchlen k\u00f6nnen. Erkunden Sie also die Sch\u00f6nheit der Chalkidiki oder die Bergsch\u00e4tze der Region mit vollem Vertrauen. Entdecken Sie auch den Rest der <b data-path-to-node=\"7,4\" data-index-in-node=\"336\"><a class=\"ng-star-inserted\" href=\"https:\/\/www.citycars.gr\/de\/oth-flotte-city-car\/\" target=\"_blank\" rel=\"noopener\" data-hveid=\"0\" data-ved=\"0CAAQ_4QMahgKEwiFlJLtvNeTAxUAAAAAHQAAAAAQowQ\">Entdecken Sie den Rest der Autovermietungsflotte<\/a><\/b> und erhalten Sie die besten Preise auf dem Markt.   <\/p>\n","protected":false},"excerpt":{"rendered":"<p>Mieten Sie einen Skoda Fabia in Thessaloniki | City Car Rental Sie suchen ein Auto, das elegantes Design mit erstklassigem Platzangebot kombiniert? Die Skoda Fabia Vermietung in Thessaloniki ist die ideale L\u00f6sung f\u00fcr Ihre Familienreisen. Der Skoda Fabia (Gruppe C) zeichnet sich durch seine Praktikabilit\u00e4t und die europ\u00e4ische Bauqualit\u00e4t aus, die er jedem Fahrer bietet. [&hellip;]<\/p>\n","protected":false},"author":4,"featured_media":0,"parent":2986,"menu_order":7,"comment_status":"closed","ping_status":"closed","template":"","meta":{"footnotes":""},"class_list":["post-5292","page","type-page","status-publish","hentry"],"yoast_head":"<!-- This site is optimized with the Yoast SEO Premium plugin v27.4 (Yoast SEO v27.4) - https:\/\/yoast.com\/product\/yoast-seo-premium-wordpress\/ -->\n<title>Mieten Sie einen Skoda Fabia Thessaloniki | Autovermietung<\/title>\n<meta name=\"description\" content=\"Mieten Sie einen Skoda Fabia in Thessaloniki bei der City Autovermietung. Smartes Platzangebot, Wirtschaftlichkeit und Abholung vom SKG Flughafen. Buchen Sie jetzt online!\" \/>\n<meta name=\"robots\" content=\"index, follow, max-snippet:-1, max-image-preview:large, max-video-preview:-1\" \/>\n<link rel=\"canonical\" href=\"https:\/\/www.citycars.gr\/de\/oth-stadtautoflotte\/mieten-sie-einen-skoda-fabia-in-thessaloniki-city-car-rental\/\" \/>\n<meta property=\"og:locale\" content=\"de_DE\" \/>\n<meta property=\"og:type\" content=\"article\" \/>\n<meta property=\"og:title\" content=\"City Car Rental Thessaloniki Greece\" \/>\n<meta property=\"og:description\" content=\"Mieten Sie einen Skoda Fabia in Thessaloniki bei der City Autovermietung. Smartes Platzangebot, Wirtschaftlichkeit und Abholung vom SKG Flughafen. Buchen Sie jetzt online!\" \/>\n<meta property=\"og:url\" content=\"https:\/\/www.citycars.gr\/de\/oth-stadtautoflotte\/mieten-sie-einen-skoda-fabia-in-thessaloniki-city-car-rental\/\" \/>\n<meta property=\"og:site_name\" content=\"City Car Rental\" \/>\n<meta property=\"article:publisher\" content=\"https:\/\/www.facebook.com\/CityCarRentalThessaloniki\" \/>\n<meta property=\"og:image\" content=\"https:\/\/www.citycars.gr\/wp-content\/uploads\/2026\/04\/\u03c6\u03b1\u03b2\u03b9\u03b1.webp\" \/>\n\t<meta property=\"og:image:width\" content=\"324\" \/>\n\t<meta property=\"og:image:height\" content=\"156\" \/>\n\t<meta property=\"og:image:type\" content=\"image\/webp\" \/>\n<meta name=\"twitter:card\" content=\"summary_large_image\" \/>\n<meta name=\"twitter:site\" content=\"@CityCarSalonika\" \/>\n<meta name=\"twitter:label1\" content=\"Gesch\u00e4tzte Lesezeit\" \/>\n\t<meta name=\"twitter:data1\" content=\"1\u00a0Minute\" \/>\n<script type=\"application\/ld+json\" class=\"yoast-schema-graph\">{\"@context\":\"https:\\\/\\\/schema.org\",\"@graph\":[{\"@type\":\"WebPage\",\"@id\":\"https:\\\/\\\/www.citycars.gr\\\/de\\\/oth-stadtautoflotte\\\/mieten-sie-einen-skoda-fabia-in-thessaloniki-city-car-rental\\\/\",\"url\":\"https:\\\/\\\/www.citycars.gr\\\/de\\\/oth-stadtautoflotte\\\/mieten-sie-einen-skoda-fabia-in-thessaloniki-city-car-rental\\\/\",\"name\":\"Mieten Sie einen Skoda Fabia Thessaloniki | Autovermietung\",\"isPartOf\":{\"@id\":\"https:\\\/\\\/citycars.globaltouchdev.eu\\\/#website\"},\"primaryImageOfPage\":{\"@id\":\"https:\\\/\\\/www.citycars.gr\\\/de\\\/oth-stadtautoflotte\\\/mieten-sie-einen-skoda-fabia-in-thessaloniki-city-car-rental\\\/#primaryimage\"},\"image\":{\"@id\":\"https:\\\/\\\/www.citycars.gr\\\/de\\\/oth-stadtautoflotte\\\/mieten-sie-einen-skoda-fabia-in-thessaloniki-city-car-rental\\\/#primaryimage\"},\"thumbnailUrl\":\"https:\\\/\\\/www.citycars.gr\\\/wp-content\\\/uploads\\\/2026\\\/04\\\/%CF%86%CE%B1%CE%B2%CE%B9%CE%B1.jpeg\",\"datePublished\":\"2026-04-05T21:04:34+00:00\",\"description\":\"Mieten Sie einen Skoda Fabia in Thessaloniki bei der City Autovermietung. Smartes Platzangebot, Wirtschaftlichkeit und Abholung vom SKG Flughafen. Buchen Sie jetzt online!\",\"breadcrumb\":{\"@id\":\"https:\\\/\\\/www.citycars.gr\\\/de\\\/oth-stadtautoflotte\\\/mieten-sie-einen-skoda-fabia-in-thessaloniki-city-car-rental\\\/#breadcrumb\"},\"inLanguage\":\"de\",\"potentialAction\":[{\"@type\":\"ReadAction\",\"target\":[\"https:\\\/\\\/www.citycars.gr\\\/de\\\/oth-stadtautoflotte\\\/mieten-sie-einen-skoda-fabia-in-thessaloniki-city-car-rental\\\/\"]}]},{\"@type\":\"ImageObject\",\"inLanguage\":\"de\",\"@id\":\"https:\\\/\\\/www.citycars.gr\\\/de\\\/oth-stadtautoflotte\\\/mieten-sie-einen-skoda-fabia-in-thessaloniki-city-car-rental\\\/#primaryimage\",\"url\":\"https:\\\/\\\/www.citycars.gr\\\/wp-content\\\/uploads\\\/2026\\\/04\\\/%CF%86%CE%B1%CE%B2%CE%B9%CE%B1.jpeg\",\"contentUrl\":\"https:\\\/\\\/www.citycars.gr\\\/wp-content\\\/uploads\\\/2026\\\/04\\\/%CF%86%CE%B1%CE%B2%CE%B9%CE%B1.jpeg\"},{\"@type\":\"BreadcrumbList\",\"@id\":\"https:\\\/\\\/www.citycars.gr\\\/de\\\/oth-stadtautoflotte\\\/mieten-sie-einen-skoda-fabia-in-thessaloniki-city-car-rental\\\/#breadcrumb\",\"itemListElement\":[{\"@type\":\"ListItem\",\"position\":1,\"name\":\"Original\",\"item\":\"https:\\\/\\\/www.citycars.gr\\\/de\\\/\"},{\"@type\":\"ListItem\",\"position\":2,\"name\":\"OTH \u2013 Stadtautoflotte\",\"item\":\"https:\\\/\\\/www.citycars.gr\\\/de\\\/oth-stadtautoflotte\\\/\"},{\"@type\":\"ListItem\",\"position\":3,\"name\":\"Mieten Sie einen Skoda Fabia in Thessaloniki | City Car Rental\"}]},{\"@type\":\"WebSite\",\"@id\":\"https:\\\/\\\/citycars.globaltouchdev.eu\\\/#website\",\"url\":\"https:\\\/\\\/citycars.globaltouchdev.eu\\\/\",\"name\":\"\u0395\u03bd\u03bf\u03b9\u03ba\u03b9\u03ac\u03c3\u03b5\u03b9\u03c2 \u0391\u03c5\u03c4\u03bf\u03ba\u03b9\u03bd\u03ae\u03c4\u03c9\u03bd \u0398\u03b5\u03c3\u03c3\u03b1\u03bb\u03bf\u03bd\u03af\u03ba\u03b7 | Rent a Car Thessaloniki | City Car Rental\",\"description\":\"Rent a Car Airport Thessaloniki Greece\",\"publisher\":{\"@id\":\"https:\\\/\\\/citycars.globaltouchdev.eu\\\/#organization\"},\"alternateName\":\"Auto Mieten Thessaloniki Flughafen\",\"potentialAction\":[{\"@type\":\"SearchAction\",\"target\":{\"@type\":\"EntryPoint\",\"urlTemplate\":\"https:\\\/\\\/citycars.globaltouchdev.eu\\\/?s={search_term_string}\"},\"query-input\":{\"@type\":\"PropertyValueSpecification\",\"valueRequired\":true,\"valueName\":\"search_term_string\"}}],\"inLanguage\":\"de\"},{\"@type\":[\"Organization\",\"Place\",\"AutoRental\"],\"@id\":\"https:\\\/\\\/citycars.globaltouchdev.eu\\\/#organization\",\"name\":\"City Car Rental Thessaloniki | Autovermietung\",\"alternateName\":\"Autovermietung Flughafen Thessaloniki Griechenland | City Car Rental\",\"url\":\"https:\\\/\\\/citycars.globaltouchdev.eu\\\/\",\"logo\":{\"@id\":\"https:\\\/\\\/www.citycars.gr\\\/de\\\/oth-stadtautoflotte\\\/mieten-sie-einen-skoda-fabia-in-thessaloniki-city-car-rental\\\/#local-main-organization-logo\"},\"image\":{\"@id\":\"https:\\\/\\\/www.citycars.gr\\\/de\\\/oth-stadtautoflotte\\\/mieten-sie-einen-skoda-fabia-in-thessaloniki-city-car-rental\\\/#local-main-organization-logo\"},\"sameAs\":[\"https:\\\/\\\/www.facebook.com\\\/CityCarRentalThessaloniki\",\"https:\\\/\\\/x.com\\\/CityCarSalonika\",\"https:\\\/\\\/mastodon.social\\\/@Citycars\",\"https:\\\/\\\/www.instagram.com\\\/city_car_rental_thess\\\/\",\"https:\\\/\\\/www.youtube.com\\\/watch?v=Duixnt_tgZ8&ab_channel=AlexandrosTsapournias\",\"https:\\\/\\\/www.tripadvisor.com\\\/Attraction_Review-g189473-d23048607-Reviews-City_Car_Rental-Thessaloniki_Thessaloniki_Region_Central_Macedonia.html\",\"https:\\\/\\\/www.tiktok.com\\\/@citycarrentalthess\"],\"description\":\"Autovermietung in Thessaloniki Griechenland\",\"foundingDate\":\"2013-11-13\",\"numberOfEmployees\":{\"@type\":\"QuantitativeValue\",\"minValue\":\"1\",\"maxValue\":\"10\"},\"ownershipFundingInfo\":\"https:\\\/\\\/www.citycars.gr\\\/official-profile\\\/\",\"correctionsPolicy\":\"https:\\\/\\\/www.citycars.gr\\\/%cf%8c%cf%81%ce%bf%ce%b9-%ce%ba%ce%b1%ce%b9-%cf%80%cf%81%ce%bf%cf%8b%cf%80%ce%bf%ce%b8%ce%ad%cf%83%ce%b5%ce%b9%cf%82\\\/\",\"ethicsPolicy\":\"https:\\\/\\\/www.citycars.gr\\\/%cf%80%ce%bf%ce%bb%ce%b9%cf%84%ce%b9%ce%ba%ce%ae-%ce%b1%cf%80%ce%bf%cf%81%cf%81%ce%ae%cf%84%ce%bf%cf%85\\\/\",\"address\":{\"@id\":\"https:\\\/\\\/www.citycars.gr\\\/de\\\/oth-stadtautoflotte\\\/mieten-sie-einen-skoda-fabia-in-thessaloniki-city-car-rental\\\/#local-main-place-address\"},\"geo\":{\"@type\":\"GeoCoordinates\",\"latitude\":\"40.622507912187565\",\"longitude\":\"22.962557982461128\"},\"telephone\":[\"+302310202029\",\"+306939818182\"],\"contactPoint\":{\"@type\":\"ContactPoint\",\"telephone\":\"+302310202029\",\"email\":\"info@citycars.gr\"},\"openingHoursSpecification\":{\"@type\":\"OpeningHoursSpecification\",\"dayOfWeek\":[\"Monday\",\"Tuesday\",\"Wednesday\",\"Thursday\",\"Friday\",\"Saturday\",\"Sunday\"],\"opens\":\"00:00\",\"closes\":\"23:59\"},\"email\":\"rentacar@citycars.gr\",\"vatID\":\"EL801704863\",\"priceRange\":\"$$\"},{\"@type\":\"PostalAddress\",\"@id\":\"https:\\\/\\\/www.citycars.gr\\\/de\\\/oth-stadtautoflotte\\\/mieten-sie-einen-skoda-fabia-in-thessaloniki-city-car-rental\\\/#local-main-place-address\",\"streetAddress\":\"\u0394\u03bf\u03b9\u03c1\u03b1\u03bd\u03b7\u03c2 38\",\"addressLocality\":\"\u0398\u03b5\u03c3\u03c3\u03b1\u03bb\u03bf\u03bd\u03b9\u03ba\u03b7\",\"postalCode\":\"54638\",\"addressRegion\":\"\u0398\u03b5\u03c3\u03c3\u03b1\u03bb\u03bf\u03bd\u03b9\u03ba\u03b7\u03c2\",\"addressCountry\":\"GR\"},{\"@type\":\"ImageObject\",\"inLanguage\":\"de\",\"@id\":\"https:\\\/\\\/www.citycars.gr\\\/de\\\/oth-stadtautoflotte\\\/mieten-sie-einen-skoda-fabia-in-thessaloniki-city-car-rental\\\/#local-main-organization-logo\",\"url\":\"https:\\\/\\\/www.citycars.gr\\\/wp-content\\\/uploads\\\/2024\\\/03\\\/symbol.png\",\"contentUrl\":\"https:\\\/\\\/www.citycars.gr\\\/wp-content\\\/uploads\\\/2024\\\/03\\\/symbol.png\",\"width\":1200,\"height\":1200,\"caption\":\"City Car Rental Thessaloniki | Autovermietung\"}]}<\/script>\n<meta name=\"geo.placename\" content=\"\u0398\u03b5\u03c3\u03c3\u03b1\u03bb\u03bf\u03bd\u03b9\u03ba\u03b7\" \/>\n<meta name=\"geo.position\" content=\"40.622507912187565;22.962557982461128\" \/>\n<meta name=\"geo.region\" content=\"Griechenland\" \/>\n<!-- \/ Yoast SEO Premium plugin. -->","yoast_head_json":{"title":"Mieten Sie einen Skoda Fabia Thessaloniki | Autovermietung","description":"Mieten Sie einen Skoda Fabia in Thessaloniki bei der City Autovermietung. Smartes Platzangebot, Wirtschaftlichkeit und Abholung vom SKG Flughafen. Buchen Sie jetzt online!","robots":{"index":"index","follow":"follow","max-snippet":"max-snippet:-1","max-image-preview":"max-image-preview:large","max-video-preview":"max-video-preview:-1"},"canonical":"https:\/\/www.citycars.gr\/de\/oth-stadtautoflotte\/mieten-sie-einen-skoda-fabia-in-thessaloniki-city-car-rental\/","og_locale":"de_DE","og_type":"article","og_title":"City Car Rental Thessaloniki Greece","og_description":"Mieten Sie einen Skoda Fabia in Thessaloniki bei der City Autovermietung. Smartes Platzangebot, Wirtschaftlichkeit und Abholung vom SKG Flughafen. Buchen Sie jetzt online!","og_url":"https:\/\/www.citycars.gr\/de\/oth-stadtautoflotte\/mieten-sie-einen-skoda-fabia-in-thessaloniki-city-car-rental\/","og_site_name":"City Car Rental","article_publisher":"https:\/\/www.facebook.com\/CityCarRentalThessaloniki","og_image":[{"width":324,"height":156,"url":"https:\/\/www.citycars.gr\/wp-content\/uploads\/2026\/04\/\u03c6\u03b1\u03b2\u03b9\u03b1.webp","type":"image\/webp"}],"twitter_card":"summary_large_image","twitter_site":"@CityCarSalonika","twitter_misc":{"Gesch\u00e4tzte Lesezeit":"1\u00a0Minute"},"schema":{"@context":"https:\/\/schema.org","@graph":[{"@type":"WebPage","@id":"https:\/\/www.citycars.gr\/de\/oth-stadtautoflotte\/mieten-sie-einen-skoda-fabia-in-thessaloniki-city-car-rental\/","url":"https:\/\/www.citycars.gr\/de\/oth-stadtautoflotte\/mieten-sie-einen-skoda-fabia-in-thessaloniki-city-car-rental\/","name":"Mieten Sie einen Skoda Fabia Thessaloniki | Autovermietung","isPartOf":{"@id":"https:\/\/citycars.globaltouchdev.eu\/#website"},"primaryImageOfPage":{"@id":"https:\/\/www.citycars.gr\/de\/oth-stadtautoflotte\/mieten-sie-einen-skoda-fabia-in-thessaloniki-city-car-rental\/#primaryimage"},"image":{"@id":"https:\/\/www.citycars.gr\/de\/oth-stadtautoflotte\/mieten-sie-einen-skoda-fabia-in-thessaloniki-city-car-rental\/#primaryimage"},"thumbnailUrl":"https:\/\/www.citycars.gr\/wp-content\/uploads\/2026\/04\/%CF%86%CE%B1%CE%B2%CE%B9%CE%B1.jpeg","datePublished":"2026-04-05T21:04:34+00:00","description":"Mieten Sie einen Skoda Fabia in Thessaloniki bei der City Autovermietung. Smartes Platzangebot, Wirtschaftlichkeit und Abholung vom SKG Flughafen. Buchen Sie jetzt online!","breadcrumb":{"@id":"https:\/\/www.citycars.gr\/de\/oth-stadtautoflotte\/mieten-sie-einen-skoda-fabia-in-thessaloniki-city-car-rental\/#breadcrumb"},"inLanguage":"de","potentialAction":[{"@type":"ReadAction","target":["https:\/\/www.citycars.gr\/de\/oth-stadtautoflotte\/mieten-sie-einen-skoda-fabia-in-thessaloniki-city-car-rental\/"]}]},{"@type":"ImageObject","inLanguage":"de","@id":"https:\/\/www.citycars.gr\/de\/oth-stadtautoflotte\/mieten-sie-einen-skoda-fabia-in-thessaloniki-city-car-rental\/#primaryimage","url":"https:\/\/www.citycars.gr\/wp-content\/uploads\/2026\/04\/%CF%86%CE%B1%CE%B2%CE%B9%CE%B1.jpeg","contentUrl":"https:\/\/www.citycars.gr\/wp-content\/uploads\/2026\/04\/%CF%86%CE%B1%CE%B2%CE%B9%CE%B1.jpeg"},{"@type":"BreadcrumbList","@id":"https:\/\/www.citycars.gr\/de\/oth-stadtautoflotte\/mieten-sie-einen-skoda-fabia-in-thessaloniki-city-car-rental\/#breadcrumb","itemListElement":[{"@type":"ListItem","position":1,"name":"Original","item":"https:\/\/www.citycars.gr\/de\/"},{"@type":"ListItem","position":2,"name":"OTH \u2013 Stadtautoflotte","item":"https:\/\/www.citycars.gr\/de\/oth-stadtautoflotte\/"},{"@type":"ListItem","position":3,"name":"Mieten Sie einen Skoda Fabia in Thessaloniki | City Car Rental"}]},{"@type":"WebSite","@id":"https:\/\/citycars.globaltouchdev.eu\/#website","url":"https:\/\/citycars.globaltouchdev.eu\/","name":"\u0395\u03bd\u03bf\u03b9\u03ba\u03b9\u03ac\u03c3\u03b5\u03b9\u03c2 \u0391\u03c5\u03c4\u03bf\u03ba\u03b9\u03bd\u03ae\u03c4\u03c9\u03bd \u0398\u03b5\u03c3\u03c3\u03b1\u03bb\u03bf\u03bd\u03af\u03ba\u03b7 | Rent a Car Thessaloniki | City Car Rental","description":"Rent a Car Airport Thessaloniki Greece","publisher":{"@id":"https:\/\/citycars.globaltouchdev.eu\/#organization"},"alternateName":"Auto Mieten Thessaloniki Flughafen","potentialAction":[{"@type":"SearchAction","target":{"@type":"EntryPoint","urlTemplate":"https:\/\/citycars.globaltouchdev.eu\/?s={search_term_string}"},"query-input":{"@type":"PropertyValueSpecification","valueRequired":true,"valueName":"search_term_string"}}],"inLanguage":"de"},{"@type":["Organization","Place","AutoRental"],"@id":"https:\/\/citycars.globaltouchdev.eu\/#organization","name":"City Car Rental Thessaloniki | Autovermietung","alternateName":"Autovermietung Flughafen Thessaloniki Griechenland | City Car Rental","url":"https:\/\/citycars.globaltouchdev.eu\/","logo":{"@id":"https:\/\/www.citycars.gr\/de\/oth-stadtautoflotte\/mieten-sie-einen-skoda-fabia-in-thessaloniki-city-car-rental\/#local-main-organization-logo"},"image":{"@id":"https:\/\/www.citycars.gr\/de\/oth-stadtautoflotte\/mieten-sie-einen-skoda-fabia-in-thessaloniki-city-car-rental\/#local-main-organization-logo"},"sameAs":["https:\/\/www.facebook.com\/CityCarRentalThessaloniki","https:\/\/x.com\/CityCarSalonika","https:\/\/mastodon.social\/@Citycars","https:\/\/www.instagram.com\/city_car_rental_thess\/","https:\/\/www.youtube.com\/watch?v=Duixnt_tgZ8&ab_channel=AlexandrosTsapournias","https:\/\/www.tripadvisor.com\/Attraction_Review-g189473-d23048607-Reviews-City_Car_Rental-Thessaloniki_Thessaloniki_Region_Central_Macedonia.html","https:\/\/www.tiktok.com\/@citycarrentalthess"],"description":"Autovermietung in Thessaloniki Griechenland","foundingDate":"2013-11-13","numberOfEmployees":{"@type":"QuantitativeValue","minValue":"1","maxValue":"10"},"ownershipFundingInfo":"https:\/\/www.citycars.gr\/official-profile\/","correctionsPolicy":"https:\/\/www.citycars.gr\/%cf%8c%cf%81%ce%bf%ce%b9-%ce%ba%ce%b1%ce%b9-%cf%80%cf%81%ce%bf%cf%8b%cf%80%ce%bf%ce%b8%ce%ad%cf%83%ce%b5%ce%b9%cf%82\/","ethicsPolicy":"https:\/\/www.citycars.gr\/%cf%80%ce%bf%ce%bb%ce%b9%cf%84%ce%b9%ce%ba%ce%ae-%ce%b1%cf%80%ce%bf%cf%81%cf%81%ce%ae%cf%84%ce%bf%cf%85\/","address":{"@id":"https:\/\/www.citycars.gr\/de\/oth-stadtautoflotte\/mieten-sie-einen-skoda-fabia-in-thessaloniki-city-car-rental\/#local-main-place-address"},"geo":{"@type":"GeoCoordinates","latitude":"40.622507912187565","longitude":"22.962557982461128"},"telephone":["+302310202029","+306939818182"],"contactPoint":{"@type":"ContactPoint","telephone":"+302310202029","email":"info@citycars.gr"},"openingHoursSpecification":{"@type":"OpeningHoursSpecification","dayOfWeek":["Monday","Tuesday","Wednesday","Thursday","Friday","Saturday","Sunday"],"opens":"00:00","closes":"23:59"},"email":"rentacar@citycars.gr","vatID":"EL801704863","priceRange":"$$"},{"@type":"PostalAddress","@id":"https:\/\/www.citycars.gr\/de\/oth-stadtautoflotte\/mieten-sie-einen-skoda-fabia-in-thessaloniki-city-car-rental\/#local-main-place-address","streetAddress":"\u0394\u03bf\u03b9\u03c1\u03b1\u03bd\u03b7\u03c2 38","addressLocality":"\u0398\u03b5\u03c3\u03c3\u03b1\u03bb\u03bf\u03bd\u03b9\u03ba\u03b7","postalCode":"54638","addressRegion":"\u0398\u03b5\u03c3\u03c3\u03b1\u03bb\u03bf\u03bd\u03b9\u03ba\u03b7\u03c2","addressCountry":"GR"},{"@type":"ImageObject","inLanguage":"de","@id":"https:\/\/www.citycars.gr\/de\/oth-stadtautoflotte\/mieten-sie-einen-skoda-fabia-in-thessaloniki-city-car-rental\/#local-main-organization-logo","url":"https:\/\/www.citycars.gr\/wp-content\/uploads\/2024\/03\/symbol.png","contentUrl":"https:\/\/www.citycars.gr\/wp-content\/uploads\/2024\/03\/symbol.png","width":1200,"height":1200,"caption":"City Car Rental Thessaloniki | Autovermietung"}]},"geo.placename":"\u0398\u03b5\u03c3\u03c3\u03b1\u03bb\u03bf\u03bd\u03b9\u03ba\u03b7","geo.position":{"lat":"40.622507912187565","long":"22.962557982461128"},"geo.region":"Griechenland"},"_links":{"self":[{"href":"https:\/\/www.citycars.gr\/de\/wp-json\/wp\/v2\/pages\/5292","targetHints":{"allow":["GET"]}}],"collection":[{"href":"https:\/\/www.citycars.gr\/de\/wp-json\/wp\/v2\/pages"}],"about":[{"href":"https:\/\/www.citycars.gr\/de\/wp-json\/wp\/v2\/types\/page"}],"author":[{"embeddable":true,"href":"https:\/\/www.citycars.gr\/de\/wp-json\/wp\/v2\/users\/4"}],"replies":[{"embeddable":true,"href":"https:\/\/www.citycars.gr\/de\/wp-json\/wp\/v2\/comments?post=5292"}],"version-history":[{"count":0,"href":"https:\/\/www.citycars.gr\/de\/wp-json\/wp\/v2\/pages\/5292\/revisions"}],"up":[{"embeddable":true,"href":"https:\/\/www.citycars.gr\/de\/wp-json\/wp\/v2\/pages\/2986"}],"wp:attachment":[{"href":"https:\/\/www.citycars.gr\/de\/wp-json\/wp\/v2\/media?parent=5292"}],"curies":[{"name":"wp","href":"https:\/\/api.w.org\/{rel}","templated":true}]}}