{"id":3307,"date":"2024-07-10T17:43:58","date_gmt":"2024-07-10T14:43:58","guid":{"rendered":"https:\/\/citycars.globaltouchdev.eu\/bueros-in-thessaloniki\/"},"modified":"2025-03-21T15:59:29","modified_gmt":"2025-03-21T13:59:29","slug":"bueros-in-thessaloniki","status":"publish","type":"page","link":"https:\/\/www.citycars.gr\/de\/bueros-in-thessaloniki\/","title":{"rendered":"B\u00fcros in Thessaloniki"},"content":{"rendered":"&#13;\n<h1>\u0391\u03bd\u03b1\u03ba\u03b1\u03bb\u03c5\u03c8\u03c4\u03b5 \u03c4\u03b7\u03bd \u039a\u03b5\u03bd\u03c4\u03c1\u03b9\u03ba\u03b7 \u03a4\u03bf\u03c0\u03bf\u03b8\u03b5\u03c3\u03b9\u03b1 \u03c4\u03b7\u03c2 <em>City Car Rental<\/em> \u03c3\u03c4\u03b7 \u0398\u03b5\u03c3\u03c3\u03b1\u03bb\u03bf\u03bd\u03b9\u03ba\u03b7<\/h1>&#13;\n<p>\u00a0<\/p>&#13;\n<p>Die zentrale Lage von City Car Rental in Thessaloniki ist einer der Hauptvorteile, die sie ihren Kunden bietet.<\/p>&#13;\n<p>Es befindet sich im Herzen der Stadt, in der N\u00e4he des internationalen Messezentrums HELEXPO und der U-Bahn-Station &#8222;PAPAFI&#8220;, genauer gesagt in der <a href=\"https:\/\/maps.app.goo.gl\/cR4GuUFHMXcdcSyt5\">Doirani-Stra\u00dfe 38 in 54638 Thessaloniki<\/a>.<\/p>&#13;\n<p>Diese strategische Lage macht es f\u00fcr Kunden einfach, das Unternehmen zu finden und Zugang zu einer breiten Palette von Autovermietungsdienstleistungen zu erhalten.<\/p>&#13;\n<p>Einer der gr\u00f6\u00dften Vorteile des zentralen Standorts ist die leichte Erreichbarkeit von \u00fcberall in der Stadt. So k\u00f6nnen Kunden das B\u00fcro des Unternehmens bequem und schnell erreichen, unabh\u00e4ngig von ihrem Standort. <\/p>&#13;\n<p>Au\u00dferdem ist die N\u00e4he zum internationalen Messezentrum HELEXPO besonders praktisch f\u00fcr Besucher, die zu Ausstellungen oder gesch\u00e4ftlichen Zwecken nach Thessaloniki kommen.<\/p>&#13;\n<p>Au\u00dferdem dient der Flughafen Mazedonien als Hauptanlieferungs- und Abholort f\u00fcr die Fahrzeuge von City Car Rental. Dies erleichtert Kunden, die mit dem Flugzeug nach Thessaloniki kommen, den sofortigen Zugang zu einem Fahrzeug f\u00fcr ihre Fahrten in der Stadt und der Region.<\/p>&#13;\n<p>Das zweite B\u00fcro befindet sich in der N\u00e4he des Flughafens und zwar im <a href=\"https:\/\/maps.app.goo.gl\/W8vkRaSENcHbi6uh7\">14. km von Thessaloniki &#8211; Michaniona<\/a><\/p>&#13;\n<p>Schlie\u00dflich bietet die <em>Autovermietung City Car Rental<\/em> die M\u00f6glichkeit der Fahrzeug\u00fcbergabe an wichtigen Punkten der Stadt, wie z.B. dem zentralen Busbahnhof, dem Hafen und dem Bahnhof, um ihren Kunden maximale Flexibilit\u00e4t zu bieten.<\/p>&#13;\n<p>Auf diese Weise k\u00f6nnen die Kunden je nach ihren Bed\u00fcrfnissen und Vorlieben die bequemste Lieferoption w\u00e4hlen.<\/p>&#13;\n<p><strong>Entdecken Sie<\/strong> den Komfort und die Flexibilit\u00e4t einer Autovermietung im Herzen von Thessaloniki mit <strong>City Car Rental<\/strong>. Zentrale Lage, einfacher Zugang, ausgezeichneter Service.<\/p>&#13;\n","protected":false},"excerpt":{"rendered":"<p>&#13; \u0391\u03bd\u03b1\u03ba\u03b1\u03bb\u03c5\u03c8\u03c4\u03b5 \u03c4\u03b7\u03bd \u039a\u03b5\u03bd\u03c4\u03c1\u03b9\u03ba\u03b7 \u03a4\u03bf\u03c0\u03bf\u03b8\u03b5\u03c3\u03b9\u03b1 \u03c4\u03b7\u03c2 City Car Rental \u03c3\u03c4\u03b7 \u0398\u03b5\u03c3\u03c3\u03b1\u03bb\u03bf\u03bd\u03b9\u03ba\u03b7 &#13; \u00a0 &#13; Die zentrale Lage von City Car Rental in Thessaloniki ist einer der Hauptvorteile, die sie ihren Kunden bietet. &#13; Es befindet sich im Herzen der Stadt, in der N\u00e4he des internationalen Messezentrums HELEXPO und der U-Bahn-Station &#8222;PAPAFI&#8220;, genauer gesagt in der [&hellip;]<\/p>\n","protected":false},"author":4,"featured_media":0,"parent":0,"menu_order":0,"comment_status":"closed","ping_status":"closed","template":"","meta":{"footnotes":""},"class_list":["post-3307","page","type-page","status-publish","hentry"],"yoast_head":"<!-- This site is optimized with the Yoast SEO Premium plugin v27.3 (Yoast SEO v27.3) - https:\/\/yoast.com\/product\/yoast-seo-premium-wordpress\/ -->\n<title>Mieten Sie ein Auto in Thessaloniki - City Car Rental<\/title>\n<meta name=\"description\" content=\"Entdecken Sie den Komfort und die Flexibilit\u00e4t einer Autovermietung im Herzen von Thessaloniki mit City Car Rental.\" \/>\n<meta name=\"robots\" content=\"index, follow, max-snippet:-1, max-image-preview:large, max-video-preview:-1\" \/>\n<link rel=\"canonical\" href=\"https:\/\/www.citycars.gr\/de\/bueros-in-thessaloniki\/\" \/>\n<meta property=\"og:locale\" content=\"de_DE\" \/>\n<meta property=\"og:type\" content=\"article\" \/>\n<meta property=\"og:title\" content=\"B\u00fcros in Thessaloniki\" \/>\n<meta property=\"og:description\" content=\"Entdecken Sie den Komfort und die Flexibilit\u00e4t einer Autovermietung im Herzen von Thessaloniki mit City Car Rental.\" \/>\n<meta property=\"og:url\" content=\"https:\/\/www.citycars.gr\/de\/bueros-in-thessaloniki\/\" \/>\n<meta property=\"og:site_name\" content=\"City Car Rental\" \/>\n<meta property=\"article:publisher\" content=\"https:\/\/www.facebook.com\/CityCarRentalThessaloniki\" \/>\n<meta property=\"article:modified_time\" content=\"2025-03-21T13:59:29+00:00\" \/>\n<meta property=\"og:image\" content=\"https:\/\/www.citycars.gr\/wp-content\/uploads\/2022\/10\/Logo-250x250-1.png\" \/>\n\t<meta property=\"og:image:width\" content=\"250\" \/>\n\t<meta property=\"og:image:height\" content=\"250\" \/>\n\t<meta property=\"og:image:type\" content=\"image\/png\" \/>\n<meta name=\"twitter:card\" content=\"summary_large_image\" \/>\n<meta name=\"twitter:site\" content=\"@CityCarSalonika\" \/>\n<meta name=\"twitter:label1\" content=\"Gesch\u00e4tzte Lesezeit\" \/>\n\t<meta name=\"twitter:data1\" content=\"2\u00a0Minuten\" \/>\n<script type=\"application\/ld+json\" class=\"yoast-schema-graph\">{\"@context\":\"https:\\\/\\\/schema.org\",\"@graph\":[{\"@type\":\"WebPage\",\"@id\":\"https:\\\/\\\/www.citycars.gr\\\/de\\\/bueros-in-thessaloniki\\\/\",\"url\":\"https:\\\/\\\/www.citycars.gr\\\/de\\\/bueros-in-thessaloniki\\\/\",\"name\":\"Mieten Sie ein Auto in Thessaloniki - City Car Rental\",\"isPartOf\":{\"@id\":\"https:\\\/\\\/citycars.globaltouchdev.eu\\\/#website\"},\"datePublished\":\"2024-07-10T14:43:58+00:00\",\"dateModified\":\"2025-03-21T13:59:29+00:00\",\"description\":\"Entdecken Sie den Komfort und die Flexibilit\u00e4t einer Autovermietung im Herzen von Thessaloniki mit City Car Rental.\",\"breadcrumb\":{\"@id\":\"https:\\\/\\\/www.citycars.gr\\\/de\\\/bueros-in-thessaloniki\\\/#breadcrumb\"},\"inLanguage\":\"de\",\"potentialAction\":[{\"@type\":\"ReadAction\",\"target\":[\"https:\\\/\\\/www.citycars.gr\\\/de\\\/bueros-in-thessaloniki\\\/\"]}]},{\"@type\":\"BreadcrumbList\",\"@id\":\"https:\\\/\\\/www.citycars.gr\\\/de\\\/bueros-in-thessaloniki\\\/#breadcrumb\",\"itemListElement\":[{\"@type\":\"ListItem\",\"position\":1,\"name\":\"Original\",\"item\":\"https:\\\/\\\/www.citycars.gr\\\/de\\\/oth-autovermietung-thessaloniki-city-car-rental\\\/\"},{\"@type\":\"ListItem\",\"position\":2,\"name\":\"B\u00fcros in Thessaloniki\"}]},{\"@type\":\"WebSite\",\"@id\":\"https:\\\/\\\/citycars.globaltouchdev.eu\\\/#website\",\"url\":\"https:\\\/\\\/citycars.globaltouchdev.eu\\\/\",\"name\":\"\u0395\u03bd\u03bf\u03b9\u03ba\u03b9\u03ac\u03c3\u03b5\u03b9\u03c2 \u0391\u03c5\u03c4\u03bf\u03ba\u03b9\u03bd\u03ae\u03c4\u03c9\u03bd \u0398\u03b5\u03c3\u03c3\u03b1\u03bb\u03bf\u03bd\u03af\u03ba\u03b7 | Rent a Car Thessaloniki | City Car Rental\",\"description\":\"Rent a Car Airport Thessaloniki Greece\",\"publisher\":{\"@id\":\"https:\\\/\\\/citycars.globaltouchdev.eu\\\/#organization\"},\"alternateName\":\"Auto Mieten Thessaloniki Flughafen\",\"potentialAction\":[{\"@type\":\"SearchAction\",\"target\":{\"@type\":\"EntryPoint\",\"urlTemplate\":\"https:\\\/\\\/citycars.globaltouchdev.eu\\\/?s={search_term_string}\"},\"query-input\":{\"@type\":\"PropertyValueSpecification\",\"valueRequired\":true,\"valueName\":\"search_term_string\"}}],\"inLanguage\":\"de\"},{\"@type\":[\"Organization\",\"Place\",\"AutoRental\"],\"@id\":\"https:\\\/\\\/citycars.globaltouchdev.eu\\\/#organization\",\"name\":\"City Car Rental Thessaloniki | Autovermietung\",\"alternateName\":\"Autovermietung Flughafen Thessaloniki Griechenland | City Car Rental\",\"url\":\"https:\\\/\\\/www.citycars.gr\\\/\",\"logo\":{\"@type\":\"ImageObject\",\"inLanguage\":\"de\",\"@id\":\"https:\\\/\\\/citycars.globaltouchdev.eu\\\/#\\\/schema\\\/logo\\\/image\\\/\",\"url\":\"https:\\\/\\\/www.citycars.gr\\\/wp-content\\\/uploads\\\/2024\\\/03\\\/symbol.png\",\"contentUrl\":\"https:\\\/\\\/www.citycars.gr\\\/wp-content\\\/uploads\\\/2024\\\/03\\\/symbol.png\",\"width\":1200,\"height\":1200,\"caption\":\"City Car Rental Thessaloniki | Autovermietung\"},\"image\":{\"@id\":\"https:\\\/\\\/citycars.globaltouchdev.eu\\\/#\\\/schema\\\/logo\\\/image\\\/\"},\"sameAs\":[\"https:\\\/\\\/www.facebook.com\\\/CityCarRentalThessaloniki\",\"https:\\\/\\\/x.com\\\/CityCarSalonika\",\"https:\\\/\\\/mastodon.social\\\/@Citycars\",\"https:\\\/\\\/www.instagram.com\\\/city_car_rental_thess\\\/\",\"https:\\\/\\\/www.youtube.com\\\/watch?v=Duixnt_tgZ8&ab_channel=AlexandrosTsapournias\",\"https:\\\/\\\/www.tripadvisor.com\\\/Attraction_Review-g189473-d23048607-Reviews-City_Car_Rental-Thessaloniki_Thessaloniki_Region_Central_Macedonia.html\"],\"description\":\"Autovermietung in Thessaloniki Griechenland\",\"foundingDate\":\"2013-11-13\",\"numberOfEmployees\":{\"@type\":\"QuantitativeValue\",\"minValue\":\"1\",\"maxValue\":\"10\"},\"telephone\":[\"+302310202029\",\"+306939818182\"],\"contactPoint\":{\"@type\":\"ContactPoint\",\"telephone\":\"+302310202029\",\"email\":\"info@citycars.gr\"},\"vatID\":\"EL801704863\",\"openingHoursSpecification\":{\"@type\":\"OpeningHoursSpecification\",\"dayOfWeek\":[\"Monday\",\"Tuesday\",\"Wednesday\",\"Thursday\",\"Friday\",\"Saturday\",\"Sunday\"],\"opens\":\"00:00\",\"closes\":\"23:59\"}}]}<\/script>\n<!-- \/ Yoast SEO Premium plugin. -->","yoast_head_json":{"title":"Mieten Sie ein Auto in Thessaloniki - City Car Rental","description":"Entdecken Sie den Komfort und die Flexibilit\u00e4t einer Autovermietung im Herzen von Thessaloniki mit City Car Rental.","robots":{"index":"index","follow":"follow","max-snippet":"max-snippet:-1","max-image-preview":"max-image-preview:large","max-video-preview":"max-video-preview:-1"},"canonical":"https:\/\/www.citycars.gr\/de\/bueros-in-thessaloniki\/","og_locale":"de_DE","og_type":"article","og_title":"B\u00fcros in Thessaloniki","og_description":"Entdecken Sie den Komfort und die Flexibilit\u00e4t einer Autovermietung im Herzen von Thessaloniki mit City Car Rental.","og_url":"https:\/\/www.citycars.gr\/de\/bueros-in-thessaloniki\/","og_site_name":"City Car Rental","article_publisher":"https:\/\/www.facebook.com\/CityCarRentalThessaloniki","article_modified_time":"2025-03-21T13:59:29+00:00","og_image":[{"width":250,"height":250,"url":"https:\/\/www.citycars.gr\/wp-content\/uploads\/2022\/10\/Logo-250x250-1.png","type":"image\/png"}],"twitter_card":"summary_large_image","twitter_site":"@CityCarSalonika","twitter_misc":{"Gesch\u00e4tzte Lesezeit":"2\u00a0Minuten"},"schema":{"@context":"https:\/\/schema.org","@graph":[{"@type":"WebPage","@id":"https:\/\/www.citycars.gr\/de\/bueros-in-thessaloniki\/","url":"https:\/\/www.citycars.gr\/de\/bueros-in-thessaloniki\/","name":"Mieten Sie ein Auto in Thessaloniki - City Car Rental","isPartOf":{"@id":"https:\/\/citycars.globaltouchdev.eu\/#website"},"datePublished":"2024-07-10T14:43:58+00:00","dateModified":"2025-03-21T13:59:29+00:00","description":"Entdecken Sie den Komfort und die Flexibilit\u00e4t einer Autovermietung im Herzen von Thessaloniki mit City Car Rental.","breadcrumb":{"@id":"https:\/\/www.citycars.gr\/de\/bueros-in-thessaloniki\/#breadcrumb"},"inLanguage":"de","potentialAction":[{"@type":"ReadAction","target":["https:\/\/www.citycars.gr\/de\/bueros-in-thessaloniki\/"]}]},{"@type":"BreadcrumbList","@id":"https:\/\/www.citycars.gr\/de\/bueros-in-thessaloniki\/#breadcrumb","itemListElement":[{"@type":"ListItem","position":1,"name":"Original","item":"https:\/\/www.citycars.gr\/de\/oth-autovermietung-thessaloniki-city-car-rental\/"},{"@type":"ListItem","position":2,"name":"B\u00fcros in Thessaloniki"}]},{"@type":"WebSite","@id":"https:\/\/citycars.globaltouchdev.eu\/#website","url":"https:\/\/citycars.globaltouchdev.eu\/","name":"\u0395\u03bd\u03bf\u03b9\u03ba\u03b9\u03ac\u03c3\u03b5\u03b9\u03c2 \u0391\u03c5\u03c4\u03bf\u03ba\u03b9\u03bd\u03ae\u03c4\u03c9\u03bd \u0398\u03b5\u03c3\u03c3\u03b1\u03bb\u03bf\u03bd\u03af\u03ba\u03b7 | Rent a Car Thessaloniki | City Car Rental","description":"Rent a Car Airport Thessaloniki Greece","publisher":{"@id":"https:\/\/citycars.globaltouchdev.eu\/#organization"},"alternateName":"Auto Mieten Thessaloniki Flughafen","potentialAction":[{"@type":"SearchAction","target":{"@type":"EntryPoint","urlTemplate":"https:\/\/citycars.globaltouchdev.eu\/?s={search_term_string}"},"query-input":{"@type":"PropertyValueSpecification","valueRequired":true,"valueName":"search_term_string"}}],"inLanguage":"de"},{"@type":["Organization","Place","AutoRental"],"@id":"https:\/\/citycars.globaltouchdev.eu\/#organization","name":"City Car Rental Thessaloniki | Autovermietung","alternateName":"Autovermietung Flughafen Thessaloniki Griechenland | City Car Rental","url":"https:\/\/www.citycars.gr\/","logo":{"@type":"ImageObject","inLanguage":"de","@id":"https:\/\/citycars.globaltouchdev.eu\/#\/schema\/logo\/image\/","url":"https:\/\/www.citycars.gr\/wp-content\/uploads\/2024\/03\/symbol.png","contentUrl":"https:\/\/www.citycars.gr\/wp-content\/uploads\/2024\/03\/symbol.png","width":1200,"height":1200,"caption":"City Car Rental Thessaloniki | Autovermietung"},"image":{"@id":"https:\/\/citycars.globaltouchdev.eu\/#\/schema\/logo\/image\/"},"sameAs":["https:\/\/www.facebook.com\/CityCarRentalThessaloniki","https:\/\/x.com\/CityCarSalonika","https:\/\/mastodon.social\/@Citycars","https:\/\/www.instagram.com\/city_car_rental_thess\/","https:\/\/www.youtube.com\/watch?v=Duixnt_tgZ8&ab_channel=AlexandrosTsapournias","https:\/\/www.tripadvisor.com\/Attraction_Review-g189473-d23048607-Reviews-City_Car_Rental-Thessaloniki_Thessaloniki_Region_Central_Macedonia.html"],"description":"Autovermietung in Thessaloniki Griechenland","foundingDate":"2013-11-13","numberOfEmployees":{"@type":"QuantitativeValue","minValue":"1","maxValue":"10"},"telephone":["+302310202029","+306939818182"],"contactPoint":{"@type":"ContactPoint","telephone":"+302310202029","email":"info@citycars.gr"},"vatID":"EL801704863","openingHoursSpecification":{"@type":"OpeningHoursSpecification","dayOfWeek":["Monday","Tuesday","Wednesday","Thursday","Friday","Saturday","Sunday"],"opens":"00:00","closes":"23:59"}}]}},"_links":{"self":[{"href":"https:\/\/www.citycars.gr\/de\/wp-json\/wp\/v2\/pages\/3307","targetHints":{"allow":["GET"]}}],"collection":[{"href":"https:\/\/www.citycars.gr\/de\/wp-json\/wp\/v2\/pages"}],"about":[{"href":"https:\/\/www.citycars.gr\/de\/wp-json\/wp\/v2\/types\/page"}],"author":[{"embeddable":true,"href":"https:\/\/www.citycars.gr\/de\/wp-json\/wp\/v2\/users\/4"}],"replies":[{"embeddable":true,"href":"https:\/\/www.citycars.gr\/de\/wp-json\/wp\/v2\/comments?post=3307"}],"version-history":[{"count":3,"href":"https:\/\/www.citycars.gr\/de\/wp-json\/wp\/v2\/pages\/3307\/revisions"}],"predecessor-version":[{"id":4838,"href":"https:\/\/www.citycars.gr\/de\/wp-json\/wp\/v2\/pages\/3307\/revisions\/4838"}],"wp:attachment":[{"href":"https:\/\/www.citycars.gr\/de\/wp-json\/wp\/v2\/media?parent=3307"}],"curies":[{"name":"wp","href":"https:\/\/api.w.org\/{rel}","templated":true}]}}